{"id":103,"date":"2018-11-20T18:31:30","date_gmt":"2018-11-20T18:31:30","guid":{"rendered":"http:\/\/cyle.fr\/aurel\/wp\/?page_id=103"},"modified":"2024-09-12T12:28:17","modified_gmt":"2024-09-12T12:28:17","slug":"sba-emdr","status":"publish","type":"page","link":"https:\/\/aurelierenard.fr\/index.php\/sba-emdr\/","title":{"rendered":"SBA"},"content":{"rendered":"<p><img loading=\"lazy\" decoding=\"async\" class=\"size-medium wp-image-1122 alignleft\" src=\"https:\/\/aurelierenard.fr\/wp-content\/uploads\/2020\/05\/Canva-Human-Eye-Closeup-Photo-225x300.jpg\" alt=\"\" width=\"225\" height=\"300\" srcset=\"https:\/\/aurelierenard.fr\/wp-content\/uploads\/2020\/05\/Canva-Human-Eye-Closeup-Photo-225x300.jpg 225w, https:\/\/aurelierenard.fr\/wp-content\/uploads\/2020\/05\/Canva-Human-Eye-Closeup-Photo-768x1024.jpg 768w, https:\/\/aurelierenard.fr\/wp-content\/uploads\/2020\/05\/Canva-Human-Eye-Closeup-Photo-1152x1536.jpg 1152w, https:\/\/aurelierenard.fr\/wp-content\/uploads\/2020\/05\/Canva-Human-Eye-Closeup-Photo-1536x2048.jpg 1536w, https:\/\/aurelierenard.fr\/wp-content\/uploads\/2020\/05\/Canva-Human-Eye-Closeup-Photo-scaled.jpg 1920w\" sizes=\"auto, (max-width: 225px) 100vw, 225px\" \/><\/p>\n<p><span style=\"color: #000000;\"><span style=\"color: #993300;\"><strong>SBA<\/strong><\/span> <span style=\"color: #993300;\">(Stimuation Bilat\u00e9rale Altern\u00e9e)<\/span> aussi appel\u00e9e <strong>EMDR<\/strong> (eye movement desensitization and reprocessing) pour les professionnels de la sant\u00e9.\u00a0<\/span><\/p>\n<p><span style=\"color: #000000;\">Certains traumatismes que nous vivons au quotidien (les plus l\u00e9gers, les contrari\u00e9t\u00e9s par exemple) sont trait\u00e9s automatiquement par notre cerveau lors de l\u2019endormissement par un mouvement oculaire qui se fait naturellement.<\/span><\/p>\n<p><span style=\"color: #000000;\">D\u2019autres <span style=\"color: #993300;\"><strong>traumatismes<\/strong><\/span> plus importants (accident, vision d\u2019horreur, d\u00e9c\u00e8s, agression\u2026) ne peuvent \u00eatre trait\u00e9s par notre cerveau et restent <span style=\"color: #993300;\"><strong>bloqu\u00e9s de fa\u00e7on inconsciente<\/strong><\/span>. Par la suite, certaines situations pourront entra\u00eener une r\u00e9action \u00e9motionnelle irrationnelle (pleures, col\u00e8re, peur), un blocage, un malaise, une irritabilit\u00e9, des angoisses, cauchemars&#8230;<\/span><\/p>\n<p><span style=\"color: #000000;\">La SBA permet d\u2019aller <span style=\"color: #993300;\"><strong>traiter un traumatisme<\/strong><\/span> que le cerveau n\u2019a pas pu traiter comme d\u2019ordinaire. Cela permettra d\u2019<span style=\"color: #993300;\"><strong>att\u00e9nuer vos ressentis d\u00e9sagr\u00e9ables<\/strong><\/span> actuels et de faire en sorte que le souvenir de l\u2019\u00e9v\u00e8nement ne g\u00e9n\u00e8re plus de perturbation. Nous irons <span style=\"color: #993300;\"><strong>associer \u00e0 ce souvenir une pens\u00e9e agr\u00e9able<\/strong>, <strong>constructive et pacifiante<\/strong><\/span>.<\/span><\/p>\n<p style=\"text-align: center;\"><strong><a href=\"https:\/\/aurelierenard.fr\/index.php\/seances\/\">S\u00e9ances &amp; tarifs<\/a><\/strong><\/p>\n\n\n<p><\/p>\n","protected":false},"excerpt":{"rendered":"<p>SBA (Stimuation Bilat\u00e9rale Altern\u00e9e) aussi appel\u00e9e EMDR (eye movement desensitization and reprocessing) pour les professionnels de la sant\u00e9.\u00a0 Certains traumatismes que nous vivons au quotidien (les plus l\u00e9gers, les contrari\u00e9t\u00e9s par exemple) sont trait\u00e9s automatiquement par notre cerveau lors de l\u2019endormissement par un mouvement oculaire qui se fait naturellement. D\u2019autres traumatismes plus importants (accident, vision &hellip; <\/p>\n<p class=\"link-more\"><a href=\"https:\/\/aurelierenard.fr\/index.php\/sba-emdr\/\" class=\"more-link\">Continuer la lecture<span class=\"screen-reader-text\"> de &laquo;&nbsp;SBA&nbsp;&raquo;<\/span><\/a><\/p>\n","protected":false},"author":1,"featured_media":0,"parent":0,"menu_order":0,"comment_status":"closed","ping_status":"closed","template":"","meta":{"footnotes":""},"class_list":["post-103","page","type-page","status-publish","hentry"],"yoast_head":"<!-- This site is optimized with the Yoast SEO plugin v24.9 - https:\/\/yoast.com\/wordpress\/plugins\/seo\/ -->\n<title>SBA - Aur\u00e9lie Renard<\/title>\n<meta name=\"robots\" content=\"index, follow, max-snippet:-1, max-image-preview:large, max-video-preview:-1\" \/>\n<link rel=\"canonical\" href=\"https:\/\/aurelierenard.fr\/index.php\/sba-emdr\/\" \/>\n<meta property=\"og:locale\" content=\"fr_FR\" \/>\n<meta property=\"og:type\" content=\"article\" \/>\n<meta property=\"og:title\" content=\"SBA - Aur\u00e9lie Renard\" \/>\n<meta property=\"og:description\" content=\"SBA (Stimuation Bilat\u00e9rale Altern\u00e9e) aussi appel\u00e9e EMDR (eye movement desensitization and reprocessing) pour les professionnels de la sant\u00e9.\u00a0 Certains traumatismes que nous vivons au quotidien (les plus l\u00e9gers, les contrari\u00e9t\u00e9s par exemple) sont trait\u00e9s automatiquement par notre cerveau lors de l\u2019endormissement par un mouvement oculaire qui se fait naturellement. D\u2019autres traumatismes plus importants (accident, vision &hellip; Continuer la lecture de &laquo;&nbsp;SBA&nbsp;&raquo;\" \/>\n<meta property=\"og:url\" content=\"https:\/\/aurelierenard.fr\/index.php\/sba-emdr\/\" \/>\n<meta property=\"og:site_name\" content=\"Aur\u00e9lie Renard\" \/>\n<meta property=\"article:modified_time\" content=\"2024-09-12T12:28:17+00:00\" \/>\n<meta property=\"og:image\" content=\"http:\/\/aurelierenard.fr\/wp-content\/uploads\/2020\/05\/Canva-Human-Eye-Closeup-Photo-225x300.jpg\" \/>\n<meta name=\"twitter:card\" content=\"summary_large_image\" \/>\n<meta name=\"twitter:label1\" content=\"Dur\u00e9e de lecture estim\u00e9e\" \/>\n\t<meta name=\"twitter:data1\" content=\"1 minute\" \/>\n<script type=\"application\/ld+json\" class=\"yoast-schema-graph\">{\"@context\":\"https:\/\/schema.org\",\"@graph\":[{\"@type\":\"WebPage\",\"@id\":\"https:\/\/aurelierenard.fr\/index.php\/sba-emdr\/\",\"url\":\"https:\/\/aurelierenard.fr\/index.php\/sba-emdr\/\",\"name\":\"SBA - Aur\u00e9lie Renard\",\"isPartOf\":{\"@id\":\"https:\/\/aurelierenard.fr\/#website\"},\"primaryImageOfPage\":{\"@id\":\"https:\/\/aurelierenard.fr\/index.php\/sba-emdr\/#primaryimage\"},\"image\":{\"@id\":\"https:\/\/aurelierenard.fr\/index.php\/sba-emdr\/#primaryimage\"},\"thumbnailUrl\":\"http:\/\/aurelierenard.fr\/wp-content\/uploads\/2020\/05\/Canva-Human-Eye-Closeup-Photo-225x300.jpg\",\"datePublished\":\"2018-11-20T18:31:30+00:00\",\"dateModified\":\"2024-09-12T12:28:17+00:00\",\"breadcrumb\":{\"@id\":\"https:\/\/aurelierenard.fr\/index.php\/sba-emdr\/#breadcrumb\"},\"inLanguage\":\"fr-FR\",\"potentialAction\":[{\"@type\":\"ReadAction\",\"target\":[\"https:\/\/aurelierenard.fr\/index.php\/sba-emdr\/\"]}]},{\"@type\":\"ImageObject\",\"inLanguage\":\"fr-FR\",\"@id\":\"https:\/\/aurelierenard.fr\/index.php\/sba-emdr\/#primaryimage\",\"url\":\"http:\/\/aurelierenard.fr\/wp-content\/uploads\/2020\/05\/Canva-Human-Eye-Closeup-Photo-225x300.jpg\",\"contentUrl\":\"http:\/\/aurelierenard.fr\/wp-content\/uploads\/2020\/05\/Canva-Human-Eye-Closeup-Photo-225x300.jpg\"},{\"@type\":\"BreadcrumbList\",\"@id\":\"https:\/\/aurelierenard.fr\/index.php\/sba-emdr\/#breadcrumb\",\"itemListElement\":[{\"@type\":\"ListItem\",\"position\":1,\"name\":\"Accueil\",\"item\":\"https:\/\/aurelierenard.fr\/\"},{\"@type\":\"ListItem\",\"position\":2,\"name\":\"SBA\"}]},{\"@type\":\"WebSite\",\"@id\":\"https:\/\/aurelierenard.fr\/#website\",\"url\":\"https:\/\/aurelierenard.fr\/\",\"name\":\"Aur\u00e9lie Renard\",\"description\":\"Psychopraticienne - th\u00e9rapie de l&#039;Enfant Int\u00e9rieur - \u00e9nerg\u00e9ticienne\",\"potentialAction\":[{\"@type\":\"SearchAction\",\"target\":{\"@type\":\"EntryPoint\",\"urlTemplate\":\"https:\/\/aurelierenard.fr\/?s={search_term_string}\"},\"query-input\":{\"@type\":\"PropertyValueSpecification\",\"valueRequired\":true,\"valueName\":\"search_term_string\"}}],\"inLanguage\":\"fr-FR\"}]}<\/script>\n<!-- \/ Yoast SEO plugin. -->","yoast_head_json":{"title":"SBA - Aur\u00e9lie Renard","robots":{"index":"index","follow":"follow","max-snippet":"max-snippet:-1","max-image-preview":"max-image-preview:large","max-video-preview":"max-video-preview:-1"},"canonical":"https:\/\/aurelierenard.fr\/index.php\/sba-emdr\/","og_locale":"fr_FR","og_type":"article","og_title":"SBA - Aur\u00e9lie Renard","og_description":"SBA (Stimuation Bilat\u00e9rale Altern\u00e9e) aussi appel\u00e9e EMDR (eye movement desensitization and reprocessing) pour les professionnels de la sant\u00e9.\u00a0 Certains traumatismes que nous vivons au quotidien (les plus l\u00e9gers, les contrari\u00e9t\u00e9s par exemple) sont trait\u00e9s automatiquement par notre cerveau lors de l\u2019endormissement par un mouvement oculaire qui se fait naturellement. D\u2019autres traumatismes plus importants (accident, vision &hellip; Continuer la lecture de &laquo;&nbsp;SBA&nbsp;&raquo;","og_url":"https:\/\/aurelierenard.fr\/index.php\/sba-emdr\/","og_site_name":"Aur\u00e9lie Renard","article_modified_time":"2024-09-12T12:28:17+00:00","og_image":[{"url":"http:\/\/aurelierenard.fr\/wp-content\/uploads\/2020\/05\/Canva-Human-Eye-Closeup-Photo-225x300.jpg","type":"","width":"","height":""}],"twitter_card":"summary_large_image","twitter_misc":{"Dur\u00e9e de lecture estim\u00e9e":"1 minute"},"schema":{"@context":"https:\/\/schema.org","@graph":[{"@type":"WebPage","@id":"https:\/\/aurelierenard.fr\/index.php\/sba-emdr\/","url":"https:\/\/aurelierenard.fr\/index.php\/sba-emdr\/","name":"SBA - Aur\u00e9lie Renard","isPartOf":{"@id":"https:\/\/aurelierenard.fr\/#website"},"primaryImageOfPage":{"@id":"https:\/\/aurelierenard.fr\/index.php\/sba-emdr\/#primaryimage"},"image":{"@id":"https:\/\/aurelierenard.fr\/index.php\/sba-emdr\/#primaryimage"},"thumbnailUrl":"http:\/\/aurelierenard.fr\/wp-content\/uploads\/2020\/05\/Canva-Human-Eye-Closeup-Photo-225x300.jpg","datePublished":"2018-11-20T18:31:30+00:00","dateModified":"2024-09-12T12:28:17+00:00","breadcrumb":{"@id":"https:\/\/aurelierenard.fr\/index.php\/sba-emdr\/#breadcrumb"},"inLanguage":"fr-FR","potentialAction":[{"@type":"ReadAction","target":["https:\/\/aurelierenard.fr\/index.php\/sba-emdr\/"]}]},{"@type":"ImageObject","inLanguage":"fr-FR","@id":"https:\/\/aurelierenard.fr\/index.php\/sba-emdr\/#primaryimage","url":"http:\/\/aurelierenard.fr\/wp-content\/uploads\/2020\/05\/Canva-Human-Eye-Closeup-Photo-225x300.jpg","contentUrl":"http:\/\/aurelierenard.fr\/wp-content\/uploads\/2020\/05\/Canva-Human-Eye-Closeup-Photo-225x300.jpg"},{"@type":"BreadcrumbList","@id":"https:\/\/aurelierenard.fr\/index.php\/sba-emdr\/#breadcrumb","itemListElement":[{"@type":"ListItem","position":1,"name":"Accueil","item":"https:\/\/aurelierenard.fr\/"},{"@type":"ListItem","position":2,"name":"SBA"}]},{"@type":"WebSite","@id":"https:\/\/aurelierenard.fr\/#website","url":"https:\/\/aurelierenard.fr\/","name":"Aur\u00e9lie Renard","description":"Psychopraticienne - th\u00e9rapie de l&#039;Enfant Int\u00e9rieur - \u00e9nerg\u00e9ticienne","potentialAction":[{"@type":"SearchAction","target":{"@type":"EntryPoint","urlTemplate":"https:\/\/aurelierenard.fr\/?s={search_term_string}"},"query-input":{"@type":"PropertyValueSpecification","valueRequired":true,"valueName":"search_term_string"}}],"inLanguage":"fr-FR"}]}},"_links":{"self":[{"href":"https:\/\/aurelierenard.fr\/index.php\/wp-json\/wp\/v2\/pages\/103","targetHints":{"allow":["GET"]}}],"collection":[{"href":"https:\/\/aurelierenard.fr\/index.php\/wp-json\/wp\/v2\/pages"}],"about":[{"href":"https:\/\/aurelierenard.fr\/index.php\/wp-json\/wp\/v2\/types\/page"}],"author":[{"embeddable":true,"href":"https:\/\/aurelierenard.fr\/index.php\/wp-json\/wp\/v2\/users\/1"}],"replies":[{"embeddable":true,"href":"https:\/\/aurelierenard.fr\/index.php\/wp-json\/wp\/v2\/comments?post=103"}],"version-history":[{"count":12,"href":"https:\/\/aurelierenard.fr\/index.php\/wp-json\/wp\/v2\/pages\/103\/revisions"}],"predecessor-version":[{"id":2544,"href":"https:\/\/aurelierenard.fr\/index.php\/wp-json\/wp\/v2\/pages\/103\/revisions\/2544"}],"wp:attachment":[{"href":"https:\/\/aurelierenard.fr\/index.php\/wp-json\/wp\/v2\/media?parent=103"}],"curies":[{"name":"wp","href":"https:\/\/api.w.org\/{rel}","templated":true}]}}