{"id":107,"date":"2018-11-20T18:48:04","date_gmt":"2018-11-20T18:48:04","guid":{"rendered":"http:\/\/cyle.fr\/aurel\/wp\/?page_id=107"},"modified":"2024-09-12T13:39:42","modified_gmt":"2024-09-12T13:39:42","slug":"soins-energetiques","status":"publish","type":"page","link":"https:\/\/aurelierenard.fr\/index.php\/soins-energetiques\/","title":{"rendered":"Soins \u00e9nerg\u00e9tiques"},"content":{"rendered":"<p style=\"text-align: center;\" align=\"left\"><strong><img loading=\"lazy\" decoding=\"async\" class=\"wp-image-234 alignleft\" src=\"http:\/\/cyle.fr\/aurel\/wp\/wp-content\/uploads\/2019\/02\/photo-accueil1-300x150.jpeg\" alt=\"\" width=\"298\" height=\"149\" srcset=\"https:\/\/aurelierenard.fr\/wp-content\/uploads\/2019\/02\/photo-accueil1-300x150.jpeg 300w, https:\/\/aurelierenard.fr\/wp-content\/uploads\/2019\/02\/photo-accueil1.jpeg 318w\" sizes=\"auto, (max-width: 298px) 100vw, 298px\" \/><\/strong><\/p>\n<p style=\"text-align: center;\" align=\"left\"><strong><span style=\"color: #993366;\">Transmission Vibratoire\u00ae<\/span><br \/>\n<\/strong><\/p>\n<p>L\u2019Enseignement propose \u00e0 chacun de nous, de fa\u00e7on simple, naturelle et progressive, de pouvoir augmenter son intensit\u00e9 vibratoire et\u00a0 d\u2019utiliser ainsi ce nouveau potentiel afin d&rsquo;<span style=\"color: #993366;\"><strong>accro\u00eetre le bien-\u00eatre<\/strong><\/span> de sa propre personne et de son\u00a0entourage par un simple<span style=\"color: #993366;\"> <strong>placement de mains appropri\u00e9<\/strong>.<\/span><\/p>\n<p>Le niveau 4 me permet de vous proposer un soin \u00e9nerg\u00e9tique afin d&rsquo;am\u00e9liorer votre \u00e9tat g\u00e9n\u00e9ral ou vous soulager d&rsquo;une douleur. Je pratique \u00e9galement \u00e0 distance et cela peut \u00eatre <span style=\"color: #0000ff;\"><span style=\"color: #993366;\"><strong>un compl\u00e9ment \u00e0 votre accompagnement<\/strong>.<\/span><\/span><\/p>\n<p><a href=\"http:\/\/www.transmissionvibratoire.com\">www.transmissionvibratoire.com<\/a><\/p>\n<p style=\"text-align: center;\" align=\"left\"><span style=\"color: #3366ff;\"><strong>Les Bars d&rsquo;Access Consciousness \u00ae<\/strong><\/span><\/p>\n<p>Il s&rsquo;agit de 32 points sur la t\u00eate qui, lorsqu&rsquo;ils sont d\u00e9licatement touch\u00e9s, permettent de <span style=\"color: #3366ff;\"><strong> lib\u00e9rer les <\/strong><img loading=\"lazy\" decoding=\"async\" class=\"size-full wp-image-109 alignright\" src=\"http:\/\/cyle.fr\/aurel\/wp\/wp-content\/uploads\/2018\/11\/access-bar.jpeg\" alt=\"\" width=\"180\" height=\"180\" srcset=\"https:\/\/aurelierenard.fr\/wp-content\/uploads\/2018\/11\/access-bar.jpeg 180w, https:\/\/aurelierenard.fr\/wp-content\/uploads\/2018\/11\/access-bar-150x150.jpeg 150w, https:\/\/aurelierenard.fr\/wp-content\/uploads\/2018\/11\/access-bar-100x100.jpeg 100w\" sizes=\"auto, (max-width: 180px) 100vw, 180px\" \/><strong>pens\u00e9es,\u00a0 id\u00e9es, croyances limitantes<\/strong><\/span>\u00a0 qui vous emp\u00eachent d&rsquo;avancer et d&rsquo;\u00eatre vous m\u00eame. Bien s\u00fbr ce n&rsquo;est pas magique ! Nous sommes fait d&rsquo;une part consciente et inconsciente, ce soin agit sur l&rsquo;inconscient.<\/p>\n<p>Offrez-vous ce <strong><span style=\"color: #3366ff;\">moment de relaxation<\/span><\/strong>, rien qu&rsquo;\u00e0 vous, pour retrouver l&rsquo;\u00e9nergie dont vous avez besoin, tout en apaisant votre t\u00eate.<\/p>\n<p>Et qui sait&#8230; vous verrez peut-\u00eatre dans les jours, semaines \u00e0 venir les <span style=\"color: #3366ff;\"><strong>changements que vous \u00eates pr\u00eat \u00e0 accueillir<\/strong>. <\/span><\/p>\n<p><span style=\"color: #000000;\">Un esprit plus serein | Une d\u00e9tente accrue | Une perspective plus heureuse sur la vie | Le soulagement du stress | Un espace pour ressourcer le corps | Une \u00e9nergie et une cr\u00e9ativit\u00e9 accrue<\/span><\/p>\n<p><a href=\"http:\/\/fra.accessconsciousness.eu\" target=\"_blank\" rel=\"noopener noreferrer\">fra.accessconsciousness.eu<\/a><\/p>\n<p style=\"text-align: center;\"><strong><a href=\"https:\/\/aurelierenard.fr\/index.php\/seances\/\">S\u00e9ances &amp; tarifs<\/a><\/strong><\/p>\n","protected":false},"excerpt":{"rendered":"<p>Transmission Vibratoire\u00ae L\u2019Enseignement propose \u00e0 chacun de nous, de fa\u00e7on simple, naturelle et progressive, de pouvoir augmenter son intensit\u00e9 vibratoire et\u00a0 d\u2019utiliser ainsi ce nouveau potentiel afin d&rsquo;accro\u00eetre le bien-\u00eatre de sa propre personne et de son\u00a0entourage par un simple placement de mains appropri\u00e9. Le niveau 4 me permet de vous proposer un soin \u00e9nerg\u00e9tique &hellip; <\/p>\n<p class=\"link-more\"><a href=\"https:\/\/aurelierenard.fr\/index.php\/soins-energetiques\/\" class=\"more-link\">Continuer la lecture<span class=\"screen-reader-text\"> de &laquo;&nbsp;Soins \u00e9nerg\u00e9tiques&nbsp;&raquo;<\/span><\/a><\/p>\n","protected":false},"author":1,"featured_media":0,"parent":0,"menu_order":0,"comment_status":"closed","ping_status":"closed","template":"","meta":{"footnotes":""},"class_list":["post-107","page","type-page","status-publish","hentry"],"yoast_head":"<!-- This site is optimized with the Yoast SEO plugin v24.9 - https:\/\/yoast.com\/wordpress\/plugins\/seo\/ -->\n<title>Soins \u00e9nerg\u00e9tiques - Aur\u00e9lie Renard<\/title>\n<meta name=\"description\" content=\"Offrez-vous un moment de relaxation, rien qu&#039;\u00e0 vous, pour retrouver l&#039;\u00e9nergie dont vous avez besoin, tout en apaisant votre t\u00eate.\" \/>\n<meta name=\"robots\" content=\"index, follow, max-snippet:-1, max-image-preview:large, max-video-preview:-1\" \/>\n<link rel=\"canonical\" href=\"https:\/\/aurelierenard.fr\/index.php\/soins-energetiques\/\" \/>\n<meta property=\"og:locale\" content=\"fr_FR\" \/>\n<meta property=\"og:type\" content=\"article\" \/>\n<meta property=\"og:title\" content=\"Soins \u00e9nerg\u00e9tiques - Aur\u00e9lie Renard\" \/>\n<meta property=\"og:description\" content=\"Offrez-vous un moment de relaxation, rien qu&#039;\u00e0 vous, pour retrouver l&#039;\u00e9nergie dont vous avez besoin, tout en apaisant votre t\u00eate.\" \/>\n<meta property=\"og:url\" content=\"https:\/\/aurelierenard.fr\/index.php\/soins-energetiques\/\" \/>\n<meta property=\"og:site_name\" content=\"Aur\u00e9lie Renard\" \/>\n<meta property=\"article:modified_time\" content=\"2024-09-12T13:39:42+00:00\" \/>\n<meta property=\"og:image\" content=\"http:\/\/cyle.fr\/aurel\/wp\/wp-content\/uploads\/2019\/02\/photo-accueil1-300x150.jpeg\" \/>\n<meta name=\"twitter:card\" content=\"summary_large_image\" \/>\n<meta name=\"twitter:label1\" content=\"Dur\u00e9e de lecture estim\u00e9e\" \/>\n\t<meta name=\"twitter:data1\" content=\"2 minutes\" \/>\n<script type=\"application\/ld+json\" class=\"yoast-schema-graph\">{\"@context\":\"https:\/\/schema.org\",\"@graph\":[{\"@type\":\"WebPage\",\"@id\":\"https:\/\/aurelierenard.fr\/index.php\/soins-energetiques\/\",\"url\":\"https:\/\/aurelierenard.fr\/index.php\/soins-energetiques\/\",\"name\":\"Soins \u00e9nerg\u00e9tiques - Aur\u00e9lie Renard\",\"isPartOf\":{\"@id\":\"https:\/\/aurelierenard.fr\/#website\"},\"primaryImageOfPage\":{\"@id\":\"https:\/\/aurelierenard.fr\/index.php\/soins-energetiques\/#primaryimage\"},\"image\":{\"@id\":\"https:\/\/aurelierenard.fr\/index.php\/soins-energetiques\/#primaryimage\"},\"thumbnailUrl\":\"http:\/\/cyle.fr\/aurel\/wp\/wp-content\/uploads\/2019\/02\/photo-accueil1-300x150.jpeg\",\"datePublished\":\"2018-11-20T18:48:04+00:00\",\"dateModified\":\"2024-09-12T13:39:42+00:00\",\"description\":\"Offrez-vous un moment de relaxation, rien qu'\u00e0 vous, pour retrouver l'\u00e9nergie dont vous avez besoin, tout en apaisant votre t\u00eate.\",\"breadcrumb\":{\"@id\":\"https:\/\/aurelierenard.fr\/index.php\/soins-energetiques\/#breadcrumb\"},\"inLanguage\":\"fr-FR\",\"potentialAction\":[{\"@type\":\"ReadAction\",\"target\":[\"https:\/\/aurelierenard.fr\/index.php\/soins-energetiques\/\"]}]},{\"@type\":\"ImageObject\",\"inLanguage\":\"fr-FR\",\"@id\":\"https:\/\/aurelierenard.fr\/index.php\/soins-energetiques\/#primaryimage\",\"url\":\"http:\/\/cyle.fr\/aurel\/wp\/wp-content\/uploads\/2019\/02\/photo-accueil1-300x150.jpeg\",\"contentUrl\":\"http:\/\/cyle.fr\/aurel\/wp\/wp-content\/uploads\/2019\/02\/photo-accueil1-300x150.jpeg\"},{\"@type\":\"BreadcrumbList\",\"@id\":\"https:\/\/aurelierenard.fr\/index.php\/soins-energetiques\/#breadcrumb\",\"itemListElement\":[{\"@type\":\"ListItem\",\"position\":1,\"name\":\"Accueil\",\"item\":\"https:\/\/aurelierenard.fr\/\"},{\"@type\":\"ListItem\",\"position\":2,\"name\":\"Soins \u00e9nerg\u00e9tiques\"}]},{\"@type\":\"WebSite\",\"@id\":\"https:\/\/aurelierenard.fr\/#website\",\"url\":\"https:\/\/aurelierenard.fr\/\",\"name\":\"Aur\u00e9lie Renard\",\"description\":\"Psychopraticienne - th\u00e9rapie de l&#039;Enfant Int\u00e9rieur - \u00e9nerg\u00e9ticienne\",\"potentialAction\":[{\"@type\":\"SearchAction\",\"target\":{\"@type\":\"EntryPoint\",\"urlTemplate\":\"https:\/\/aurelierenard.fr\/?s={search_term_string}\"},\"query-input\":{\"@type\":\"PropertyValueSpecification\",\"valueRequired\":true,\"valueName\":\"search_term_string\"}}],\"inLanguage\":\"fr-FR\"}]}<\/script>\n<!-- \/ Yoast SEO plugin. -->","yoast_head_json":{"title":"Soins \u00e9nerg\u00e9tiques - Aur\u00e9lie Renard","description":"Offrez-vous un moment de relaxation, rien qu'\u00e0 vous, pour retrouver l'\u00e9nergie dont vous avez besoin, tout en apaisant votre t\u00eate.","robots":{"index":"index","follow":"follow","max-snippet":"max-snippet:-1","max-image-preview":"max-image-preview:large","max-video-preview":"max-video-preview:-1"},"canonical":"https:\/\/aurelierenard.fr\/index.php\/soins-energetiques\/","og_locale":"fr_FR","og_type":"article","og_title":"Soins \u00e9nerg\u00e9tiques - Aur\u00e9lie Renard","og_description":"Offrez-vous un moment de relaxation, rien qu'\u00e0 vous, pour retrouver l'\u00e9nergie dont vous avez besoin, tout en apaisant votre t\u00eate.","og_url":"https:\/\/aurelierenard.fr\/index.php\/soins-energetiques\/","og_site_name":"Aur\u00e9lie Renard","article_modified_time":"2024-09-12T13:39:42+00:00","og_image":[{"url":"http:\/\/cyle.fr\/aurel\/wp\/wp-content\/uploads\/2019\/02\/photo-accueil1-300x150.jpeg","type":"","width":"","height":""}],"twitter_card":"summary_large_image","twitter_misc":{"Dur\u00e9e de lecture estim\u00e9e":"2 minutes"},"schema":{"@context":"https:\/\/schema.org","@graph":[{"@type":"WebPage","@id":"https:\/\/aurelierenard.fr\/index.php\/soins-energetiques\/","url":"https:\/\/aurelierenard.fr\/index.php\/soins-energetiques\/","name":"Soins \u00e9nerg\u00e9tiques - Aur\u00e9lie Renard","isPartOf":{"@id":"https:\/\/aurelierenard.fr\/#website"},"primaryImageOfPage":{"@id":"https:\/\/aurelierenard.fr\/index.php\/soins-energetiques\/#primaryimage"},"image":{"@id":"https:\/\/aurelierenard.fr\/index.php\/soins-energetiques\/#primaryimage"},"thumbnailUrl":"http:\/\/cyle.fr\/aurel\/wp\/wp-content\/uploads\/2019\/02\/photo-accueil1-300x150.jpeg","datePublished":"2018-11-20T18:48:04+00:00","dateModified":"2024-09-12T13:39:42+00:00","description":"Offrez-vous un moment de relaxation, rien qu'\u00e0 vous, pour retrouver l'\u00e9nergie dont vous avez besoin, tout en apaisant votre t\u00eate.","breadcrumb":{"@id":"https:\/\/aurelierenard.fr\/index.php\/soins-energetiques\/#breadcrumb"},"inLanguage":"fr-FR","potentialAction":[{"@type":"ReadAction","target":["https:\/\/aurelierenard.fr\/index.php\/soins-energetiques\/"]}]},{"@type":"ImageObject","inLanguage":"fr-FR","@id":"https:\/\/aurelierenard.fr\/index.php\/soins-energetiques\/#primaryimage","url":"http:\/\/cyle.fr\/aurel\/wp\/wp-content\/uploads\/2019\/02\/photo-accueil1-300x150.jpeg","contentUrl":"http:\/\/cyle.fr\/aurel\/wp\/wp-content\/uploads\/2019\/02\/photo-accueil1-300x150.jpeg"},{"@type":"BreadcrumbList","@id":"https:\/\/aurelierenard.fr\/index.php\/soins-energetiques\/#breadcrumb","itemListElement":[{"@type":"ListItem","position":1,"name":"Accueil","item":"https:\/\/aurelierenard.fr\/"},{"@type":"ListItem","position":2,"name":"Soins \u00e9nerg\u00e9tiques"}]},{"@type":"WebSite","@id":"https:\/\/aurelierenard.fr\/#website","url":"https:\/\/aurelierenard.fr\/","name":"Aur\u00e9lie Renard","description":"Psychopraticienne - th\u00e9rapie de l&#039;Enfant Int\u00e9rieur - \u00e9nerg\u00e9ticienne","potentialAction":[{"@type":"SearchAction","target":{"@type":"EntryPoint","urlTemplate":"https:\/\/aurelierenard.fr\/?s={search_term_string}"},"query-input":{"@type":"PropertyValueSpecification","valueRequired":true,"valueName":"search_term_string"}}],"inLanguage":"fr-FR"}]}},"_links":{"self":[{"href":"https:\/\/aurelierenard.fr\/index.php\/wp-json\/wp\/v2\/pages\/107","targetHints":{"allow":["GET"]}}],"collection":[{"href":"https:\/\/aurelierenard.fr\/index.php\/wp-json\/wp\/v2\/pages"}],"about":[{"href":"https:\/\/aurelierenard.fr\/index.php\/wp-json\/wp\/v2\/types\/page"}],"author":[{"embeddable":true,"href":"https:\/\/aurelierenard.fr\/index.php\/wp-json\/wp\/v2\/users\/1"}],"replies":[{"embeddable":true,"href":"https:\/\/aurelierenard.fr\/index.php\/wp-json\/wp\/v2\/comments?post=107"}],"version-history":[{"count":20,"href":"https:\/\/aurelierenard.fr\/index.php\/wp-json\/wp\/v2\/pages\/107\/revisions"}],"predecessor-version":[{"id":2550,"href":"https:\/\/aurelierenard.fr\/index.php\/wp-json\/wp\/v2\/pages\/107\/revisions\/2550"}],"wp:attachment":[{"href":"https:\/\/aurelierenard.fr\/index.php\/wp-json\/wp\/v2\/media?parent=107"}],"curies":[{"name":"wp","href":"https:\/\/api.w.org\/{rel}","templated":true}]}}