{"id":175,"date":"2018-11-22T20:48:54","date_gmt":"2018-11-22T20:48:54","guid":{"rendered":"http:\/\/cyle.fr\/aurel\/wp\/index.php\/wpforms-preview\/"},"modified":"2021-01-17T18:28:37","modified_gmt":"2021-01-17T18:28:37","slug":"wpforms-preview","status":"publish","type":"page","link":"https:\/\/aurelierenard.fr\/index.php\/wpforms-preview\/","title":{"rendered":"Mentions l\u00e9gales"},"content":{"rendered":"<div id=\"panel-2241-0-0-1\" class=\"so-panel widget widget_sow-editor panel-last-child\" data-index=\"1\">\n<div class=\"panel-widget-style panel-widget-style-for-2241-0-0-1\">\n<div class=\"so-widget-sow-editor so-widget-sow-editor-base\">\n<div class=\"siteorigin-widget-tinymce textwidget\">\n<p>Conform\u00e9ment aux dispositions de la loi n\u00b0 2004-575 du 21 juin 2004 pour la confiance en l\u2019\u00e9conomie num\u00e9rique, il est pr\u00e9cis\u00e9 aux utilisateurs du site <a href=\"https:\/\/digital-blossom.com\/\">www.aurelierenard.fr<\/a> l\u2019identit\u00e9 des diff\u00e9rents intervenants dans le cadre de sa r\u00e9alisation et de son suivi.<\/p>\n<h2>Edition du site<\/h2>\n<p>Le site <a href=\"https:\/\/digital-blossom.com\/\">www.aurelierenard.fr<\/a> est \u00e9dit\u00e9 par Aur\u00e9lie Renard entreprise individuelle immatricul\u00e9e au R\u00e9pertoire des Entreprises et des Etablissements sous le SIRET 833 751 266 000 10.<\/p>\n<h2>Responsable de publication<\/h2>\n<p>Aur\u00e9lie Renard<\/p>\n<h2>H\u00e9bergeur<\/h2>\n<p>Le site <a href=\"https:\/\/digital-blossom.com\/\">www.aurelierenard.fr\u00a0<\/a> est h\u00e9berg\u00e9 par la soci\u00e9t\u00e9 lws.fr.<\/p>\n<h2>Nous contacter<\/h2>\n<p>Par email : contact@aurelierenard.fr<\/p>\n<h2>Confidentialit\u00e9<\/h2>\n<p>Les donn\u00e9es personnelles et confidentielles que vous indiquez lorsque vous renseignez un formulaire sont exclusivement destin\u00e9es au traitement de votre demande. Ces donn\u00e9es ne sauraient \u00eatre c\u00e9d\u00e9es ou lou\u00e9es \u00e0 des tiers.<\/p>\n<p>Conform\u00e9ment aux dispositions de l&rsquo;Art. 34 de la loi \u00a0\u00bb Informatique et Libert\u00e9s \u00ab\u00a0, vous disposez d&rsquo;un droit d&rsquo;acc\u00e8s, de modification, de rectification et de suppression des donn\u00e9es qui vous concernent. Nous vous offrons la possibilit\u00e9 d&rsquo;exercer ce droit en envoyant un mail \u00e0 contact@aurelierenard.fr.<\/p>\n<h2>Accessibilit\u00e9<\/h2>\n<p>Le site est par principe accessible aux utilisateurs 24\/24h et 7\/7j, sauf interruption, programme\u0301e ou non, pour des besoins de maintenance ou en cas de force majeure.<\/p>\n<p>En cas d\u2019indisponibilite\u0301 d\u2019acce\u0300s au site, celui-ci s\u2019engage a\u0300 faire son maximum afin d\u2019en re\u0301tablir l\u2019acce\u0300s. Le site ne saurait e\u0302tre tenu pour responsable de tout dommage, quelle qu\u2019en soit la nature, re\u0301sultant de son indisponibilite\u0301. En conse\u0301quence, l\u2019utilisateur reconna\u0131\u0302t utiliser ces informations sous sa responsabilite\u0301 exclusive.<\/p>\n<h2>Propri\u00e9t\u00e9 intellectuelle<\/h2>\n<p>Certaines images de ce site sont prises sur des banques d&rsquo;images libre de droit et le reste pour toute utilisation. Les images r\u00e9alis\u00e9es par Aur\u00e9lie Renard ne sont pas libres de droit.<\/p>\n<p>Les contenus de ce site (texte, logo, articles) sont la proprie\u0301te\u0301 exclusive de Aur\u00e9lie Renard, vous n&rsquo;\u00eates pas autoris\u00e9 \u00e0 les recopier ou les modifier. En cas de citation, merci de cr\u00e9diter l&rsquo;auteur.<\/p>\n<h2>Donn\u00e9es personnelles<\/h2>\n<p>L\u2019utilisateur peut visiter le site aurelierenard.fr sans avoir a\u0300 de\u0301cliner son identite\u0301 et a\u0300 fournir des informations personnelles. Toutefois, il est possible que des informations soient demand\u00e9es aux utilisateurs. Par exemple, pour r\u00e9pondre, envoyer une newsletter ou offrir un meilleur service.<\/p>\n<p>Vous\u00a0pouvez\u00a0consulter\u00a0notre politique de protection des donne\u0301es relative a\u0300 la collecte et aux traitements des donne\u0301es.<\/p>\n<h2>Utilisation des cookies<\/h2>\n<p>Le site <a href=\"https:\/\/digital-blossom.com\/\">www.aurelierenard.fr <\/a>peut avoir recours aux techniques de \u00ab cookies \u00bb lui permettant de traiter des statistiques et des informations sur le trafic, de faciliter la navigation et d\u2019ame\u0301liorer le service pour le confort de l\u2019utilisateur. Conforme\u0301ment a\u0300 la le\u0301gislation europe\u0301enne, le site a mis a\u0300 jour sa politique de confidentialite\u0301 en matie\u0300re de cookies. L\u2019utilisateur est libre d\u2019accepter ou de refuser les cookies de tous les sites internet en modifiant les parame\u0300tres de son navigateur internet.<\/p>\n<\/div>\n<\/div>\n<\/div>\n<\/div>\n","protected":false},"excerpt":{"rendered":"<p>Conform\u00e9ment aux dispositions de la loi n\u00b0 2004-575 du 21 juin 2004 pour la confiance en l\u2019\u00e9conomie num\u00e9rique, il est pr\u00e9cis\u00e9 aux utilisateurs du site www.aurelierenard.fr l\u2019identit\u00e9 des diff\u00e9rents intervenants dans le cadre de sa r\u00e9alisation et de son suivi. Edition du site Le site www.aurelierenard.fr est \u00e9dit\u00e9 par Aur\u00e9lie Renard entreprise individuelle immatricul\u00e9e au &hellip; <\/p>\n<p class=\"link-more\"><a href=\"https:\/\/aurelierenard.fr\/index.php\/wpforms-preview\/\" class=\"more-link\">Continuer la lecture<span class=\"screen-reader-text\"> de &laquo;&nbsp;Mentions l\u00e9gales&nbsp;&raquo;<\/span><\/a><\/p>\n","protected":false},"author":1,"featured_media":0,"parent":0,"menu_order":0,"comment_status":"closed","ping_status":"closed","template":"","meta":{"footnotes":""},"class_list":["post-175","page","type-page","status-publish","hentry"],"yoast_head":"<!-- This site is optimized with the Yoast SEO plugin v24.9 - https:\/\/yoast.com\/wordpress\/plugins\/seo\/ -->\n<title>Mentions l\u00e9gales - Aur\u00e9lie Renard<\/title>\n<meta name=\"robots\" content=\"index, follow, max-snippet:-1, max-image-preview:large, max-video-preview:-1\" \/>\n<link rel=\"canonical\" href=\"https:\/\/aurelierenard.fr\/index.php\/wpforms-preview\/\" \/>\n<meta property=\"og:locale\" content=\"fr_FR\" \/>\n<meta property=\"og:type\" content=\"article\" \/>\n<meta property=\"og:title\" content=\"Mentions l\u00e9gales - Aur\u00e9lie Renard\" \/>\n<meta property=\"og:description\" content=\"Conform\u00e9ment aux dispositions de la loi n\u00b0 2004-575 du 21 juin 2004 pour la confiance en l\u2019\u00e9conomie num\u00e9rique, il est pr\u00e9cis\u00e9 aux utilisateurs du site www.aurelierenard.fr l\u2019identit\u00e9 des diff\u00e9rents intervenants dans le cadre de sa r\u00e9alisation et de son suivi. Edition du site Le site www.aurelierenard.fr est \u00e9dit\u00e9 par Aur\u00e9lie Renard entreprise individuelle immatricul\u00e9e au &hellip; Continuer la lecture de &laquo;&nbsp;Mentions l\u00e9gales&nbsp;&raquo;\" \/>\n<meta property=\"og:url\" content=\"https:\/\/aurelierenard.fr\/index.php\/wpforms-preview\/\" \/>\n<meta property=\"og:site_name\" content=\"Aur\u00e9lie Renard\" \/>\n<meta property=\"article:modified_time\" content=\"2021-01-17T18:28:37+00:00\" \/>\n<meta name=\"twitter:card\" content=\"summary_large_image\" \/>\n<meta name=\"twitter:label1\" content=\"Dur\u00e9e de lecture estim\u00e9e\" \/>\n\t<meta name=\"twitter:data1\" content=\"3 minutes\" \/>\n<script type=\"application\/ld+json\" class=\"yoast-schema-graph\">{\"@context\":\"https:\/\/schema.org\",\"@graph\":[{\"@type\":\"WebPage\",\"@id\":\"https:\/\/aurelierenard.fr\/index.php\/wpforms-preview\/\",\"url\":\"https:\/\/aurelierenard.fr\/index.php\/wpforms-preview\/\",\"name\":\"Mentions l\u00e9gales - Aur\u00e9lie Renard\",\"isPartOf\":{\"@id\":\"https:\/\/aurelierenard.fr\/#website\"},\"datePublished\":\"2018-11-22T20:48:54+00:00\",\"dateModified\":\"2021-01-17T18:28:37+00:00\",\"breadcrumb\":{\"@id\":\"https:\/\/aurelierenard.fr\/index.php\/wpforms-preview\/#breadcrumb\"},\"inLanguage\":\"fr-FR\",\"potentialAction\":[{\"@type\":\"ReadAction\",\"target\":[\"https:\/\/aurelierenard.fr\/index.php\/wpforms-preview\/\"]}]},{\"@type\":\"BreadcrumbList\",\"@id\":\"https:\/\/aurelierenard.fr\/index.php\/wpforms-preview\/#breadcrumb\",\"itemListElement\":[{\"@type\":\"ListItem\",\"position\":1,\"name\":\"Accueil\",\"item\":\"https:\/\/aurelierenard.fr\/\"},{\"@type\":\"ListItem\",\"position\":2,\"name\":\"Mentions l\u00e9gales\"}]},{\"@type\":\"WebSite\",\"@id\":\"https:\/\/aurelierenard.fr\/#website\",\"url\":\"https:\/\/aurelierenard.fr\/\",\"name\":\"Aur\u00e9lie Renard\",\"description\":\"Psychopraticienne - th\u00e9rapie de l&#039;Enfant Int\u00e9rieur - \u00e9nerg\u00e9ticienne\",\"potentialAction\":[{\"@type\":\"SearchAction\",\"target\":{\"@type\":\"EntryPoint\",\"urlTemplate\":\"https:\/\/aurelierenard.fr\/?s={search_term_string}\"},\"query-input\":{\"@type\":\"PropertyValueSpecification\",\"valueRequired\":true,\"valueName\":\"search_term_string\"}}],\"inLanguage\":\"fr-FR\"}]}<\/script>\n<!-- \/ Yoast SEO plugin. -->","yoast_head_json":{"title":"Mentions l\u00e9gales - Aur\u00e9lie Renard","robots":{"index":"index","follow":"follow","max-snippet":"max-snippet:-1","max-image-preview":"max-image-preview:large","max-video-preview":"max-video-preview:-1"},"canonical":"https:\/\/aurelierenard.fr\/index.php\/wpforms-preview\/","og_locale":"fr_FR","og_type":"article","og_title":"Mentions l\u00e9gales - Aur\u00e9lie Renard","og_description":"Conform\u00e9ment aux dispositions de la loi n\u00b0 2004-575 du 21 juin 2004 pour la confiance en l\u2019\u00e9conomie num\u00e9rique, il est pr\u00e9cis\u00e9 aux utilisateurs du site www.aurelierenard.fr l\u2019identit\u00e9 des diff\u00e9rents intervenants dans le cadre de sa r\u00e9alisation et de son suivi. Edition du site Le site www.aurelierenard.fr est \u00e9dit\u00e9 par Aur\u00e9lie Renard entreprise individuelle immatricul\u00e9e au &hellip; Continuer la lecture de &laquo;&nbsp;Mentions l\u00e9gales&nbsp;&raquo;","og_url":"https:\/\/aurelierenard.fr\/index.php\/wpforms-preview\/","og_site_name":"Aur\u00e9lie Renard","article_modified_time":"2021-01-17T18:28:37+00:00","twitter_card":"summary_large_image","twitter_misc":{"Dur\u00e9e de lecture estim\u00e9e":"3 minutes"},"schema":{"@context":"https:\/\/schema.org","@graph":[{"@type":"WebPage","@id":"https:\/\/aurelierenard.fr\/index.php\/wpforms-preview\/","url":"https:\/\/aurelierenard.fr\/index.php\/wpforms-preview\/","name":"Mentions l\u00e9gales - Aur\u00e9lie Renard","isPartOf":{"@id":"https:\/\/aurelierenard.fr\/#website"},"datePublished":"2018-11-22T20:48:54+00:00","dateModified":"2021-01-17T18:28:37+00:00","breadcrumb":{"@id":"https:\/\/aurelierenard.fr\/index.php\/wpforms-preview\/#breadcrumb"},"inLanguage":"fr-FR","potentialAction":[{"@type":"ReadAction","target":["https:\/\/aurelierenard.fr\/index.php\/wpforms-preview\/"]}]},{"@type":"BreadcrumbList","@id":"https:\/\/aurelierenard.fr\/index.php\/wpforms-preview\/#breadcrumb","itemListElement":[{"@type":"ListItem","position":1,"name":"Accueil","item":"https:\/\/aurelierenard.fr\/"},{"@type":"ListItem","position":2,"name":"Mentions l\u00e9gales"}]},{"@type":"WebSite","@id":"https:\/\/aurelierenard.fr\/#website","url":"https:\/\/aurelierenard.fr\/","name":"Aur\u00e9lie Renard","description":"Psychopraticienne - th\u00e9rapie de l&#039;Enfant Int\u00e9rieur - \u00e9nerg\u00e9ticienne","potentialAction":[{"@type":"SearchAction","target":{"@type":"EntryPoint","urlTemplate":"https:\/\/aurelierenard.fr\/?s={search_term_string}"},"query-input":{"@type":"PropertyValueSpecification","valueRequired":true,"valueName":"search_term_string"}}],"inLanguage":"fr-FR"}]}},"_links":{"self":[{"href":"https:\/\/aurelierenard.fr\/index.php\/wp-json\/wp\/v2\/pages\/175","targetHints":{"allow":["GET"]}}],"collection":[{"href":"https:\/\/aurelierenard.fr\/index.php\/wp-json\/wp\/v2\/pages"}],"about":[{"href":"https:\/\/aurelierenard.fr\/index.php\/wp-json\/wp\/v2\/types\/page"}],"author":[{"embeddable":true,"href":"https:\/\/aurelierenard.fr\/index.php\/wp-json\/wp\/v2\/users\/1"}],"replies":[{"embeddable":true,"href":"https:\/\/aurelierenard.fr\/index.php\/wp-json\/wp\/v2\/comments?post=175"}],"version-history":[{"count":1,"href":"https:\/\/aurelierenard.fr\/index.php\/wp-json\/wp\/v2\/pages\/175\/revisions"}],"predecessor-version":[{"id":1529,"href":"https:\/\/aurelierenard.fr\/index.php\/wp-json\/wp\/v2\/pages\/175\/revisions\/1529"}],"wp:attachment":[{"href":"https:\/\/aurelierenard.fr\/index.php\/wp-json\/wp\/v2\/media?parent=175"}],"curies":[{"name":"wp","href":"https:\/\/api.w.org\/{rel}","templated":true}]}}