{"id":54,"date":"2018-11-19T21:55:33","date_gmt":"2018-11-19T21:55:33","guid":{"rendered":"http:\/\/cyle.fr\/aurel\/wp\/?page_id=54"},"modified":"2024-09-12T13:34:12","modified_gmt":"2024-09-12T13:34:12","slug":"pnl","status":"publish","type":"page","link":"https:\/\/aurelierenard.fr\/index.php\/pnl\/","title":{"rendered":"PNL"},"content":{"rendered":"<p><b><span style=\"color: #ff6600;\">Programmation<\/span>\u00a0<\/b>: Certains de nos comportements sont programm\u00e9s en fonction de nos apprentissages, de nos exp\u00e9riences, de nos croyances\u2026<\/p>\n<p><b><span style=\"color: #ff6600;\">Neuro<\/span>\u00a0<\/b>: fait r\u00e9f\u00e9rence \u00e0 notre syst\u00e8me neurologique (nos 5 sens, notre cerveau, notre syst\u00e8me nerveux)<\/p>\n<p><b><span style=\"color: #ff6600;\">Linguistique<\/span>\u00a0<\/b>: le langage verbal et non verbal que nous utilisons a un impact sur le monde ext\u00e9rieur et sur nous-m\u00eame.<\/p>\n<p><img loading=\"lazy\" decoding=\"async\" class=\"size-large wp-image-258 aligncenter\" src=\"http:\/\/cyle.fr\/aurel\/wp\/wp-content\/uploads\/2019\/02\/man-jumping-fence-by-field_4460x4460-1024x683.jpg\" alt=\"\" width=\"525\" height=\"350\" srcset=\"https:\/\/aurelierenard.fr\/wp-content\/uploads\/2019\/02\/man-jumping-fence-by-field_4460x4460-1024x683.jpg 1024w, https:\/\/aurelierenard.fr\/wp-content\/uploads\/2019\/02\/man-jumping-fence-by-field_4460x4460-300x200.jpg 300w, https:\/\/aurelierenard.fr\/wp-content\/uploads\/2019\/02\/man-jumping-fence-by-field_4460x4460-768x512.jpg 768w\" sizes=\"auto, (max-width: 525px) 100vw, 525px\" \/><\/p>\n<p>Nous percevons la vie, les situations, \u00e0 travers nos 5 sens et en fonction de nos exp\u00e9riences, croyances, \u00e9ducation, entra\u00eenant parfois des pens\u00e9es, r\u00e9flexions, r\u00e9actions inappropri\u00e9es. Attention,\u00a0 <span style=\"color: #ff6600;\"><b>l<\/b><b>e comportement n\u2019est pas la personne<\/b>.<\/span><\/p>\n<p>La Programmation Neuro-Linguistique\u00a0 vous permet d\u2019aller chercher dans vos propres ressources afin de lever des blocages et de d\u00e9cider qui vous voulez \u00eatre, ce que vous voulez faire, vous permettant de cr\u00e9er votre futur \u00e0 votre image, <span style=\"color: #ff6600;\"><b>en accord avec vous et en paix avec le monde<\/b>.<\/span><\/p>\n<p>Vous allez d\u00e9couvrir des outils simples \u00e0 mettre en place, des strat\u00e9gies, de <span style=\"color: #ff6600;\"><b>nouvelles fa\u00e7ons de penser et de percevoir le monde<\/b>.<\/span><\/p>\n<p><b><\/b>Il s&rsquo;agit d&rsquo;un outil\u00a0 puissant et formateur pour la personne qui est pr\u00eat \u00e0 prendre sa vie en main.<\/p>\n<p style=\"text-align: center;\"><span style=\"color: #333333;\"><strong><a style=\"color: #333333;\" href=\"https:\/\/aurelierenard.fr\/index.php\/seances\/\">S\u00e9ances &amp; tarifs<\/a><\/strong><\/span><\/p>\n","protected":false},"excerpt":{"rendered":"<p>Programmation\u00a0: Certains de nos comportements sont programm\u00e9s en fonction de nos apprentissages, de nos exp\u00e9riences, de nos croyances\u2026 Neuro\u00a0: fait r\u00e9f\u00e9rence \u00e0 notre syst\u00e8me neurologique (nos 5 sens, notre cerveau, notre syst\u00e8me nerveux) Linguistique\u00a0: le langage verbal et non verbal que nous utilisons a un impact sur le monde ext\u00e9rieur et sur nous-m\u00eame. Nous percevons &hellip; <\/p>\n<p class=\"link-more\"><a href=\"https:\/\/aurelierenard.fr\/index.php\/pnl\/\" class=\"more-link\">Continuer la lecture<span class=\"screen-reader-text\"> de &laquo;&nbsp;PNL&nbsp;&raquo;<\/span><\/a><\/p>\n","protected":false},"author":1,"featured_media":0,"parent":0,"menu_order":0,"comment_status":"closed","ping_status":"closed","template":"","meta":{"footnotes":""},"class_list":["post-54","page","type-page","status-publish","hentry"],"yoast_head":"<!-- This site is optimized with the Yoast SEO plugin v24.9 - https:\/\/yoast.com\/wordpress\/plugins\/seo\/ -->\n<title>PNL - Aur\u00e9lie Renard<\/title>\n<meta name=\"robots\" content=\"index, follow, max-snippet:-1, max-image-preview:large, max-video-preview:-1\" \/>\n<link rel=\"canonical\" href=\"https:\/\/aurelierenard.fr\/index.php\/pnl\/\" \/>\n<meta property=\"og:locale\" content=\"fr_FR\" \/>\n<meta property=\"og:type\" content=\"article\" \/>\n<meta property=\"og:title\" content=\"PNL - Aur\u00e9lie Renard\" \/>\n<meta property=\"og:description\" content=\"Programmation\u00a0: Certains de nos comportements sont programm\u00e9s en fonction de nos apprentissages, de nos exp\u00e9riences, de nos croyances\u2026 Neuro\u00a0: fait r\u00e9f\u00e9rence \u00e0 notre syst\u00e8me neurologique (nos 5 sens, notre cerveau, notre syst\u00e8me nerveux) Linguistique\u00a0: le langage verbal et non verbal que nous utilisons a un impact sur le monde ext\u00e9rieur et sur nous-m\u00eame. Nous percevons &hellip; Continuer la lecture de &laquo;&nbsp;PNL&nbsp;&raquo;\" \/>\n<meta property=\"og:url\" content=\"https:\/\/aurelierenard.fr\/index.php\/pnl\/\" \/>\n<meta property=\"og:site_name\" content=\"Aur\u00e9lie Renard\" \/>\n<meta property=\"article:modified_time\" content=\"2024-09-12T13:34:12+00:00\" \/>\n<meta property=\"og:image\" content=\"http:\/\/cyle.fr\/aurel\/wp\/wp-content\/uploads\/2019\/02\/man-jumping-fence-by-field_4460x4460-1024x683.jpg\" \/>\n<meta name=\"twitter:card\" content=\"summary_large_image\" \/>\n<meta name=\"twitter:label1\" content=\"Dur\u00e9e de lecture estim\u00e9e\" \/>\n\t<meta name=\"twitter:data1\" content=\"2 minutes\" \/>\n<script type=\"application\/ld+json\" class=\"yoast-schema-graph\">{\"@context\":\"https:\/\/schema.org\",\"@graph\":[{\"@type\":\"WebPage\",\"@id\":\"https:\/\/aurelierenard.fr\/index.php\/pnl\/\",\"url\":\"https:\/\/aurelierenard.fr\/index.php\/pnl\/\",\"name\":\"PNL - Aur\u00e9lie Renard\",\"isPartOf\":{\"@id\":\"https:\/\/aurelierenard.fr\/#website\"},\"primaryImageOfPage\":{\"@id\":\"https:\/\/aurelierenard.fr\/index.php\/pnl\/#primaryimage\"},\"image\":{\"@id\":\"https:\/\/aurelierenard.fr\/index.php\/pnl\/#primaryimage\"},\"thumbnailUrl\":\"http:\/\/cyle.fr\/aurel\/wp\/wp-content\/uploads\/2019\/02\/man-jumping-fence-by-field_4460x4460-1024x683.jpg\",\"datePublished\":\"2018-11-19T21:55:33+00:00\",\"dateModified\":\"2024-09-12T13:34:12+00:00\",\"breadcrumb\":{\"@id\":\"https:\/\/aurelierenard.fr\/index.php\/pnl\/#breadcrumb\"},\"inLanguage\":\"fr-FR\",\"potentialAction\":[{\"@type\":\"ReadAction\",\"target\":[\"https:\/\/aurelierenard.fr\/index.php\/pnl\/\"]}]},{\"@type\":\"ImageObject\",\"inLanguage\":\"fr-FR\",\"@id\":\"https:\/\/aurelierenard.fr\/index.php\/pnl\/#primaryimage\",\"url\":\"http:\/\/cyle.fr\/aurel\/wp\/wp-content\/uploads\/2019\/02\/man-jumping-fence-by-field_4460x4460-1024x683.jpg\",\"contentUrl\":\"http:\/\/cyle.fr\/aurel\/wp\/wp-content\/uploads\/2019\/02\/man-jumping-fence-by-field_4460x4460-1024x683.jpg\"},{\"@type\":\"BreadcrumbList\",\"@id\":\"https:\/\/aurelierenard.fr\/index.php\/pnl\/#breadcrumb\",\"itemListElement\":[{\"@type\":\"ListItem\",\"position\":1,\"name\":\"Accueil\",\"item\":\"https:\/\/aurelierenard.fr\/\"},{\"@type\":\"ListItem\",\"position\":2,\"name\":\"PNL\"}]},{\"@type\":\"WebSite\",\"@id\":\"https:\/\/aurelierenard.fr\/#website\",\"url\":\"https:\/\/aurelierenard.fr\/\",\"name\":\"Aur\u00e9lie Renard\",\"description\":\"Psychopraticienne - th\u00e9rapie de l&#039;Enfant Int\u00e9rieur - \u00e9nerg\u00e9ticienne\",\"potentialAction\":[{\"@type\":\"SearchAction\",\"target\":{\"@type\":\"EntryPoint\",\"urlTemplate\":\"https:\/\/aurelierenard.fr\/?s={search_term_string}\"},\"query-input\":{\"@type\":\"PropertyValueSpecification\",\"valueRequired\":true,\"valueName\":\"search_term_string\"}}],\"inLanguage\":\"fr-FR\"}]}<\/script>\n<!-- \/ Yoast SEO plugin. -->","yoast_head_json":{"title":"PNL - Aur\u00e9lie Renard","robots":{"index":"index","follow":"follow","max-snippet":"max-snippet:-1","max-image-preview":"max-image-preview:large","max-video-preview":"max-video-preview:-1"},"canonical":"https:\/\/aurelierenard.fr\/index.php\/pnl\/","og_locale":"fr_FR","og_type":"article","og_title":"PNL - Aur\u00e9lie Renard","og_description":"Programmation\u00a0: Certains de nos comportements sont programm\u00e9s en fonction de nos apprentissages, de nos exp\u00e9riences, de nos croyances\u2026 Neuro\u00a0: fait r\u00e9f\u00e9rence \u00e0 notre syst\u00e8me neurologique (nos 5 sens, notre cerveau, notre syst\u00e8me nerveux) Linguistique\u00a0: le langage verbal et non verbal que nous utilisons a un impact sur le monde ext\u00e9rieur et sur nous-m\u00eame. Nous percevons &hellip; Continuer la lecture de &laquo;&nbsp;PNL&nbsp;&raquo;","og_url":"https:\/\/aurelierenard.fr\/index.php\/pnl\/","og_site_name":"Aur\u00e9lie Renard","article_modified_time":"2024-09-12T13:34:12+00:00","og_image":[{"url":"http:\/\/cyle.fr\/aurel\/wp\/wp-content\/uploads\/2019\/02\/man-jumping-fence-by-field_4460x4460-1024x683.jpg","type":"","width":"","height":""}],"twitter_card":"summary_large_image","twitter_misc":{"Dur\u00e9e de lecture estim\u00e9e":"2 minutes"},"schema":{"@context":"https:\/\/schema.org","@graph":[{"@type":"WebPage","@id":"https:\/\/aurelierenard.fr\/index.php\/pnl\/","url":"https:\/\/aurelierenard.fr\/index.php\/pnl\/","name":"PNL - Aur\u00e9lie Renard","isPartOf":{"@id":"https:\/\/aurelierenard.fr\/#website"},"primaryImageOfPage":{"@id":"https:\/\/aurelierenard.fr\/index.php\/pnl\/#primaryimage"},"image":{"@id":"https:\/\/aurelierenard.fr\/index.php\/pnl\/#primaryimage"},"thumbnailUrl":"http:\/\/cyle.fr\/aurel\/wp\/wp-content\/uploads\/2019\/02\/man-jumping-fence-by-field_4460x4460-1024x683.jpg","datePublished":"2018-11-19T21:55:33+00:00","dateModified":"2024-09-12T13:34:12+00:00","breadcrumb":{"@id":"https:\/\/aurelierenard.fr\/index.php\/pnl\/#breadcrumb"},"inLanguage":"fr-FR","potentialAction":[{"@type":"ReadAction","target":["https:\/\/aurelierenard.fr\/index.php\/pnl\/"]}]},{"@type":"ImageObject","inLanguage":"fr-FR","@id":"https:\/\/aurelierenard.fr\/index.php\/pnl\/#primaryimage","url":"http:\/\/cyle.fr\/aurel\/wp\/wp-content\/uploads\/2019\/02\/man-jumping-fence-by-field_4460x4460-1024x683.jpg","contentUrl":"http:\/\/cyle.fr\/aurel\/wp\/wp-content\/uploads\/2019\/02\/man-jumping-fence-by-field_4460x4460-1024x683.jpg"},{"@type":"BreadcrumbList","@id":"https:\/\/aurelierenard.fr\/index.php\/pnl\/#breadcrumb","itemListElement":[{"@type":"ListItem","position":1,"name":"Accueil","item":"https:\/\/aurelierenard.fr\/"},{"@type":"ListItem","position":2,"name":"PNL"}]},{"@type":"WebSite","@id":"https:\/\/aurelierenard.fr\/#website","url":"https:\/\/aurelierenard.fr\/","name":"Aur\u00e9lie Renard","description":"Psychopraticienne - th\u00e9rapie de l&#039;Enfant Int\u00e9rieur - \u00e9nerg\u00e9ticienne","potentialAction":[{"@type":"SearchAction","target":{"@type":"EntryPoint","urlTemplate":"https:\/\/aurelierenard.fr\/?s={search_term_string}"},"query-input":{"@type":"PropertyValueSpecification","valueRequired":true,"valueName":"search_term_string"}}],"inLanguage":"fr-FR"}]}},"_links":{"self":[{"href":"https:\/\/aurelierenard.fr\/index.php\/wp-json\/wp\/v2\/pages\/54","targetHints":{"allow":["GET"]}}],"collection":[{"href":"https:\/\/aurelierenard.fr\/index.php\/wp-json\/wp\/v2\/pages"}],"about":[{"href":"https:\/\/aurelierenard.fr\/index.php\/wp-json\/wp\/v2\/types\/page"}],"author":[{"embeddable":true,"href":"https:\/\/aurelierenard.fr\/index.php\/wp-json\/wp\/v2\/users\/1"}],"replies":[{"embeddable":true,"href":"https:\/\/aurelierenard.fr\/index.php\/wp-json\/wp\/v2\/comments?post=54"}],"version-history":[{"count":20,"href":"https:\/\/aurelierenard.fr\/index.php\/wp-json\/wp\/v2\/pages\/54\/revisions"}],"predecessor-version":[{"id":2540,"href":"https:\/\/aurelierenard.fr\/index.php\/wp-json\/wp\/v2\/pages\/54\/revisions\/2540"}],"wp:attachment":[{"href":"https:\/\/aurelierenard.fr\/index.php\/wp-json\/wp\/v2\/media?parent=54"}],"curies":[{"name":"wp","href":"https:\/\/api.w.org\/{rel}","templated":true}]}}