{"id":6,"date":"2018-11-19T21:04:02","date_gmt":"2018-11-19T21:04:02","guid":{"rendered":"http:\/\/cyle.fr\/aurel\/wp\/?page_id=6"},"modified":"2024-09-12T11:07:18","modified_gmt":"2024-09-12T11:07:18","slug":"accueil","status":"publish","type":"page","link":"https:\/\/aurelierenard.fr\/","title":{"rendered":"Deviens qui tu es"},"content":{"rendered":"<h3>\u00a0<\/h3>\n<h3 style=\"text-align: center;\"><span style=\"color: #333333;\"><span class=\"has-inline-color has-vivid-purple-color\" data-rich-text-format-boundary=\"true\"><span style=\"color: #333333;\"> Psychopraticienne<\/span>, <span style=\"color: #333333;\">th\u00e9rapeute de l&rsquo;Enfant Int\u00e9rieur <\/span><\/span><span class=\"has-inline-color has-very-dark-gray-color\">et \u00e9nerg\u00e9ticienne<\/span><\/span><span class=\"has-inline-color has-very-dark-gray-color\"><span style=\"color: #333333;\">, j<\/span>e vous <span style=\"color: #993366;\">accompagne dans les moments d\u00e9licats de votre vie<\/span>, en<\/span> vous proposant une pratique adapt\u00e9e afin de vous permettre d&rsquo;<span style=\"color: #993366;\">acc\u00e9der \u00e0 vos propres ressources<\/span> et <span style=\"color: #993366;\">de vous \u00e9panouir<\/span>.\u00a0<\/h3>\n<h3 style=\"text-align: center;\">\u00a0 \u00c9motions, blessures, croyances limitantes sont autant de ressources si vous acceptez de les <span style=\"color: #993366;\">accueillir<\/span> et de les <span style=\"color: #993366;\">lib\u00e9rer<\/span>, vous permettant de laisser \u00e9merger<span style=\"color: #993366;\"> le meilleur de vous-m\u00eame.<\/span><\/h3>\n<p>\u00a0<\/p>\n<p style=\"text-align: center;\"><a href=\"https:\/\/aurelierenard.fr\/index.php\/seances\/\"><strong>S\u00e9ances &amp; tarifs<\/strong><\/a><\/p>\n<h3 style=\"text-align: center;\"><em>Adulte, adolescent, enfant il n\u2019y a pas d\u2019\u00e2ge pour grandir et s&rsquo;\u00e9panouir !<\/em><img loading=\"lazy\" decoding=\"async\" class=\" wp-image-1101 aligncenter\" src=\"https:\/\/aurelierenard.fr\/wp-content\/uploads\/2020\/05\/Logo-03-150x150.png\" alt=\"\" width=\"153\" height=\"153\" srcset=\"https:\/\/aurelierenard.fr\/wp-content\/uploads\/2020\/05\/Logo-03-150x150.png 150w, https:\/\/aurelierenard.fr\/wp-content\/uploads\/2020\/05\/Logo-03-300x300.png 300w, https:\/\/aurelierenard.fr\/wp-content\/uploads\/2020\/05\/Logo-03-1024x1024.png 1024w, https:\/\/aurelierenard.fr\/wp-content\/uploads\/2020\/05\/Logo-03-768x768.png 768w, https:\/\/aurelierenard.fr\/wp-content\/uploads\/2020\/05\/Logo-03-1536x1536.png 1536w, https:\/\/aurelierenard.fr\/wp-content\/uploads\/2020\/05\/Logo-03-2048x2048.png 2048w, https:\/\/aurelierenard.fr\/wp-content\/uploads\/2020\/05\/Logo-03-100x100.png 100w\" sizes=\"auto, (max-width: 153px) 100vw, 153px\" \/>Je vous accueille dans mon chalet, situ\u00e9 \u00e0 Lovagny, au calme, dans un cadre chaleureux. Les s\u00e9ances individuelles peuvent \u00e9galement se faire par t\u00e9l\u00e9phone et visio.<\/h3>\n<p>\u00a0<\/p>\n<p style=\"text-align: center;\"><a href=\"http:\/\/www.psychologue.net\/procard\/aurelie-renard\/social\"><strong>Prendre RDV en ligne<\/strong><\/a><\/p>\n<p style=\"text-align: center;\">ou<\/p>\n<p style=\"text-align: center;\"><strong><a href=\"https:\/\/aurelierenard.fr\/index.php\/contact\/\">Me contacter<\/a><\/strong><\/p>\n\n\n<hr class=\"wp-block-separator has-css-opacity\"\/>\n\n\n\n<p><\/p>\n","protected":false},"excerpt":{"rendered":"<p>\u00a0 Psychopraticienne, th\u00e9rapeute de l&rsquo;Enfant Int\u00e9rieur et \u00e9nerg\u00e9ticienne, je vous accompagne dans les moments d\u00e9licats de votre vie, en vous proposant une pratique adapt\u00e9e afin de vous permettre d&rsquo;acc\u00e9der \u00e0 vos propres ressources et de vous \u00e9panouir.\u00a0 \u00a0 \u00c9motions, blessures, croyances limitantes sont autant de ressources si vous acceptez de les accueillir et de les &hellip; <\/p>\n<p class=\"link-more\"><a href=\"https:\/\/aurelierenard.fr\/\" class=\"more-link\">Continuer la lecture<span class=\"screen-reader-text\"> de &laquo;&nbsp;Deviens qui tu es&nbsp;&raquo;<\/span><\/a><\/p>\n","protected":false},"author":1,"featured_media":1150,"parent":7,"menu_order":0,"comment_status":"closed","ping_status":"closed","template":"","meta":{"footnotes":""},"class_list":["post-6","page","type-page","status-publish","has-post-thumbnail","hentry"],"yoast_head":"<!-- This site is optimized with the Yoast SEO plugin v24.9 - https:\/\/yoast.com\/wordpress\/plugins\/seo\/ -->\n<title>Psychopraticienne - th\u00e9rapie de l&#039;Enfant Int\u00e9rieur - \u00e9nerg\u00e9ticienne - Aur\u00e9lie Renard<\/title>\n<meta name=\"description\" content=\"Je vous accueille \u00e0 Lovagny ou en visio, et vous accompagne dans les moments d\u00e9licats de votre vie pour retrouver votre bien-\u00eatre.\" \/>\n<meta name=\"robots\" content=\"index, follow, max-snippet:-1, max-image-preview:large, max-video-preview:-1\" \/>\n<link rel=\"canonical\" href=\"https:\/\/aurelierenard.fr\/\" \/>\n<meta property=\"og:locale\" content=\"fr_FR\" \/>\n<meta property=\"og:type\" content=\"article\" \/>\n<meta property=\"og:title\" content=\"Psychopraticienne - th\u00e9rapie de l&#039;Enfant Int\u00e9rieur - \u00e9nerg\u00e9ticienne - Aur\u00e9lie Renard\" \/>\n<meta property=\"og:description\" content=\"Je vous accueille \u00e0 Lovagny ou en visio, et vous accompagne dans les moments d\u00e9licats de votre vie pour retrouver votre bien-\u00eatre.\" \/>\n<meta property=\"og:url\" content=\"https:\/\/aurelierenard.fr\/\" \/>\n<meta property=\"og:site_name\" content=\"Aur\u00e9lie Renard\" \/>\n<meta property=\"article:modified_time\" content=\"2024-09-12T11:07:18+00:00\" \/>\n<meta property=\"og:image\" content=\"https:\/\/aurelierenard.fr\/wp-content\/uploads\/2020\/05\/Logo-02.png\" \/>\n\t<meta property=\"og:image:width\" content=\"2482\" \/>\n\t<meta property=\"og:image:height\" content=\"2481\" \/>\n\t<meta property=\"og:image:type\" content=\"image\/png\" \/>\n<meta name=\"twitter:card\" content=\"summary_large_image\" \/>\n<meta name=\"twitter:label1\" content=\"Dur\u00e9e de lecture estim\u00e9e\" \/>\n\t<meta name=\"twitter:data1\" content=\"1 minute\" \/>\n<script type=\"application\/ld+json\" class=\"yoast-schema-graph\">{\"@context\":\"https:\/\/schema.org\",\"@graph\":[{\"@type\":[\"WebPage\",\"AboutPage\"],\"@id\":\"https:\/\/aurelierenard.fr\/\",\"url\":\"https:\/\/aurelierenard.fr\/\",\"name\":\"Psychopraticienne - th\u00e9rapie de l&#039;Enfant Int\u00e9rieur - \u00e9nerg\u00e9ticienne - Aur\u00e9lie Renard\",\"isPartOf\":{\"@id\":\"https:\/\/aurelierenard.fr\/#website\"},\"primaryImageOfPage\":{\"@id\":\"https:\/\/aurelierenard.fr\/#primaryimage\"},\"image\":{\"@id\":\"https:\/\/aurelierenard.fr\/#primaryimage\"},\"thumbnailUrl\":\"https:\/\/aurelierenard.fr\/wp-content\/uploads\/2020\/05\/Logo-02.png\",\"datePublished\":\"2018-11-19T21:04:02+00:00\",\"dateModified\":\"2024-09-12T11:07:18+00:00\",\"description\":\"Je vous accueille \u00e0 Lovagny ou en visio, et vous accompagne dans les moments d\u00e9licats de votre vie pour retrouver votre bien-\u00eatre.\",\"breadcrumb\":{\"@id\":\"https:\/\/aurelierenard.fr\/#breadcrumb\"},\"inLanguage\":\"fr-FR\",\"potentialAction\":[{\"@type\":\"ReadAction\",\"target\":[\"https:\/\/aurelierenard.fr\/\"]}]},{\"@type\":\"ImageObject\",\"inLanguage\":\"fr-FR\",\"@id\":\"https:\/\/aurelierenard.fr\/#primaryimage\",\"url\":\"https:\/\/aurelierenard.fr\/wp-content\/uploads\/2020\/05\/Logo-02.png\",\"contentUrl\":\"https:\/\/aurelierenard.fr\/wp-content\/uploads\/2020\/05\/Logo-02.png\",\"width\":2482,\"height\":2481},{\"@type\":\"BreadcrumbList\",\"@id\":\"https:\/\/aurelierenard.fr\/#breadcrumb\",\"itemListElement\":[{\"@type\":\"ListItem\",\"position\":1,\"name\":\"Accueil\",\"item\":\"https:\/\/aurelierenard.fr\/\"},{\"@type\":\"ListItem\",\"position\":2,\"name\":\"\u00c0 propos\",\"item\":\"https:\/\/aurelierenard.fr\/index.php\/a-propos-de\/\"},{\"@type\":\"ListItem\",\"position\":3,\"name\":\"Deviens qui tu es\"}]},{\"@type\":\"WebSite\",\"@id\":\"https:\/\/aurelierenard.fr\/#website\",\"url\":\"https:\/\/aurelierenard.fr\/\",\"name\":\"Aur\u00e9lie Renard\",\"description\":\"Psychopraticienne - th\u00e9rapie de l&#039;Enfant Int\u00e9rieur - \u00e9nerg\u00e9ticienne\",\"potentialAction\":[{\"@type\":\"SearchAction\",\"target\":{\"@type\":\"EntryPoint\",\"urlTemplate\":\"https:\/\/aurelierenard.fr\/?s={search_term_string}\"},\"query-input\":{\"@type\":\"PropertyValueSpecification\",\"valueRequired\":true,\"valueName\":\"search_term_string\"}}],\"inLanguage\":\"fr-FR\"}]}<\/script>\n<!-- \/ Yoast SEO plugin. -->","yoast_head_json":{"title":"Psychopraticienne - th\u00e9rapie de l&#039;Enfant Int\u00e9rieur - \u00e9nerg\u00e9ticienne - Aur\u00e9lie Renard","description":"Je vous accueille \u00e0 Lovagny ou en visio, et vous accompagne dans les moments d\u00e9licats de votre vie pour retrouver votre bien-\u00eatre.","robots":{"index":"index","follow":"follow","max-snippet":"max-snippet:-1","max-image-preview":"max-image-preview:large","max-video-preview":"max-video-preview:-1"},"canonical":"https:\/\/aurelierenard.fr\/","og_locale":"fr_FR","og_type":"article","og_title":"Psychopraticienne - th\u00e9rapie de l&#039;Enfant Int\u00e9rieur - \u00e9nerg\u00e9ticienne - Aur\u00e9lie Renard","og_description":"Je vous accueille \u00e0 Lovagny ou en visio, et vous accompagne dans les moments d\u00e9licats de votre vie pour retrouver votre bien-\u00eatre.","og_url":"https:\/\/aurelierenard.fr\/","og_site_name":"Aur\u00e9lie Renard","article_modified_time":"2024-09-12T11:07:18+00:00","og_image":[{"width":2482,"height":2481,"url":"https:\/\/aurelierenard.fr\/wp-content\/uploads\/2020\/05\/Logo-02.png","type":"image\/png"}],"twitter_card":"summary_large_image","twitter_misc":{"Dur\u00e9e de lecture estim\u00e9e":"1 minute"},"schema":{"@context":"https:\/\/schema.org","@graph":[{"@type":["WebPage","AboutPage"],"@id":"https:\/\/aurelierenard.fr\/","url":"https:\/\/aurelierenard.fr\/","name":"Psychopraticienne - th\u00e9rapie de l&#039;Enfant Int\u00e9rieur - \u00e9nerg\u00e9ticienne - Aur\u00e9lie Renard","isPartOf":{"@id":"https:\/\/aurelierenard.fr\/#website"},"primaryImageOfPage":{"@id":"https:\/\/aurelierenard.fr\/#primaryimage"},"image":{"@id":"https:\/\/aurelierenard.fr\/#primaryimage"},"thumbnailUrl":"https:\/\/aurelierenard.fr\/wp-content\/uploads\/2020\/05\/Logo-02.png","datePublished":"2018-11-19T21:04:02+00:00","dateModified":"2024-09-12T11:07:18+00:00","description":"Je vous accueille \u00e0 Lovagny ou en visio, et vous accompagne dans les moments d\u00e9licats de votre vie pour retrouver votre bien-\u00eatre.","breadcrumb":{"@id":"https:\/\/aurelierenard.fr\/#breadcrumb"},"inLanguage":"fr-FR","potentialAction":[{"@type":"ReadAction","target":["https:\/\/aurelierenard.fr\/"]}]},{"@type":"ImageObject","inLanguage":"fr-FR","@id":"https:\/\/aurelierenard.fr\/#primaryimage","url":"https:\/\/aurelierenard.fr\/wp-content\/uploads\/2020\/05\/Logo-02.png","contentUrl":"https:\/\/aurelierenard.fr\/wp-content\/uploads\/2020\/05\/Logo-02.png","width":2482,"height":2481},{"@type":"BreadcrumbList","@id":"https:\/\/aurelierenard.fr\/#breadcrumb","itemListElement":[{"@type":"ListItem","position":1,"name":"Accueil","item":"https:\/\/aurelierenard.fr\/"},{"@type":"ListItem","position":2,"name":"\u00c0 propos","item":"https:\/\/aurelierenard.fr\/index.php\/a-propos-de\/"},{"@type":"ListItem","position":3,"name":"Deviens qui tu es"}]},{"@type":"WebSite","@id":"https:\/\/aurelierenard.fr\/#website","url":"https:\/\/aurelierenard.fr\/","name":"Aur\u00e9lie Renard","description":"Psychopraticienne - th\u00e9rapie de l&#039;Enfant Int\u00e9rieur - \u00e9nerg\u00e9ticienne","potentialAction":[{"@type":"SearchAction","target":{"@type":"EntryPoint","urlTemplate":"https:\/\/aurelierenard.fr\/?s={search_term_string}"},"query-input":{"@type":"PropertyValueSpecification","valueRequired":true,"valueName":"search_term_string"}}],"inLanguage":"fr-FR"}]}},"_links":{"self":[{"href":"https:\/\/aurelierenard.fr\/index.php\/wp-json\/wp\/v2\/pages\/6","targetHints":{"allow":["GET"]}}],"collection":[{"href":"https:\/\/aurelierenard.fr\/index.php\/wp-json\/wp\/v2\/pages"}],"about":[{"href":"https:\/\/aurelierenard.fr\/index.php\/wp-json\/wp\/v2\/types\/page"}],"author":[{"embeddable":true,"href":"https:\/\/aurelierenard.fr\/index.php\/wp-json\/wp\/v2\/users\/1"}],"replies":[{"embeddable":true,"href":"https:\/\/aurelierenard.fr\/index.php\/wp-json\/wp\/v2\/comments?post=6"}],"version-history":[{"count":43,"href":"https:\/\/aurelierenard.fr\/index.php\/wp-json\/wp\/v2\/pages\/6\/revisions"}],"predecessor-version":[{"id":2522,"href":"https:\/\/aurelierenard.fr\/index.php\/wp-json\/wp\/v2\/pages\/6\/revisions\/2522"}],"up":[{"embeddable":true,"href":"https:\/\/aurelierenard.fr\/index.php\/wp-json\/wp\/v2\/pages\/7"}],"wp:featuredmedia":[{"embeddable":true,"href":"https:\/\/aurelierenard.fr\/index.php\/wp-json\/wp\/v2\/media\/1150"}],"wp:attachment":[{"href":"https:\/\/aurelierenard.fr\/index.php\/wp-json\/wp\/v2\/media?parent=6"}],"curies":[{"name":"wp","href":"https:\/\/api.w.org\/{rel}","templated":true}]}}