{"id":7,"date":"2018-11-19T21:04:03","date_gmt":"2018-11-19T21:04:03","guid":{"rendered":"http:\/\/cyle.fr\/aurel\/wp\/?page_id=7"},"modified":"2025-12-14T18:55:13","modified_gmt":"2025-12-14T18:55:13","slug":"a-propos-de","status":"publish","type":"page","link":"https:\/\/aurelierenard.fr\/index.php\/a-propos-de\/","title":{"rendered":"\u00c0 propos"},"content":{"rendered":"<p style=\"text-align: left;\"><img loading=\"lazy\" decoding=\"async\" class=\"alignleft  wp-image-2513\" src=\"https:\/\/aurelierenard.fr\/wp-content\/uploads\/2024\/09\/1725979604916-283x300.jpg\" alt=\"\" width=\"156\" height=\"165\" srcset=\"https:\/\/aurelierenard.fr\/wp-content\/uploads\/2024\/09\/1725979604916-283x300.jpg 283w, https:\/\/aurelierenard.fr\/wp-content\/uploads\/2024\/09\/1725979604916-967x1024.jpg 967w, https:\/\/aurelierenard.fr\/wp-content\/uploads\/2024\/09\/1725979604916-768x814.jpg 768w, https:\/\/aurelierenard.fr\/wp-content\/uploads\/2024\/09\/1725979604916-1450x1536.jpg 1450w, https:\/\/aurelierenard.fr\/wp-content\/uploads\/2024\/09\/1725979604916-1933x2048.jpg 1933w\" sizes=\"auto, (max-width: 156px) 100vw, 156px\" \/>Psychopraticienne, th\u00e9rapeute de l&rsquo;Enfant Int\u00e9rieur et \u00e9nerg\u00e9ticienne, je <span style=\"color: #333333;\">vous accompagne dans les moments d\u00e9licats de votre vie.<\/span><\/p>\n<p><span style=\"color: #333399;\">Aller \u00e0 la rencontre de vous-m\u00eame, \u00ab\u00a0re-conna\u00eetre\u00a0\u00bb vos blessures, les consid\u00e9rer et les comprendre, vous permettra de vous apaiser et de retrouver le bien-\u00eatre souhait\u00e9.<\/span><\/p>\n<p>Pour cela, je vous propose un accompagnement adapt\u00e9 afin de vous permettre d\u2019acc\u00e9der \u00e0 vos propres ressources et \u00e0 votre pleine autonomie.<\/p>\n<p style=\"text-align: left;\">Enfant, adolescent, adulte, nous avons tous la possibilit\u00e9 d&rsquo;apprendre \u00e0 se conna\u00eetre pour <strong><span style=\"color: #333399;\">vivre en accord avec soi<\/span><\/strong>.<\/p>\n<p style=\"text-align: left;\">Je crois en l&rsquo;\u00eatre humain et en ses capacit\u00e9s d&rsquo;\u00e9voluer. Toutes les ressources sont en nous et nous avons la possibilit\u00e9 de <span style=\"color: #333399;\"><strong>faire de nos faiblesses une force<\/strong>.<\/span><b> <\/b><\/p>\n<p style=\"text-align: left;\">J&rsquo;ai commenc\u00e9 ce travail personnel il y a plus de 25 ans, suite \u00e0 des traumatismes de l&rsquo;enfance, puis j&rsquo;ai suivi mes premi\u00e8res formations en 2014 et\u00a0 c&rsquo;est tout naturellement que j&rsquo;ai eu envie de partager mes compr\u00e9hensions et mes connaissances de fa\u00e7on professionnelle depuis une dizaine d&rsquo;ann\u00e9es.<\/p>\n<p style=\"text-align: center;\"><strong><a href=\"https:\/\/aurelierenard.fr\/index.php\/contact\/\">Me contacter<\/a><\/strong><\/p>\n<p style=\"text-align: center;\"><span style=\"color: #333399;\"><i>\u00ab\u00a0Nous pouvons aussi b\u00e2tir quelque chose de beau <\/i><i>avec les pierres qui entravent notre chemin\u00a0\u00bb\u00a0<\/i> <em>Goethe<\/em><\/span><\/p>\n<hr \/>\n<p>\u00ab\u00a0Ethique et moi\u00a0\u00bb<\/p>\n<p>Soucieuse des valeurs morales et de l&rsquo;\u00e9thique, qui sont \u00e0 mon sens la base de ce m\u00e9tier, je suis supervis\u00e9e et je me forme r\u00e9guli\u00e8rement.\u00a0 Le but \u00e9tant d\u2019augmenter mes comp\u00e9tences et mes connaissances , d\u2019am\u00e9liorer l\u2019int\u00e9gration de mes processus psychologiques et de contribuer au d\u00e9veloppement de th\u00e9rapies plus efficaces.<\/p>\n\n\n<p><\/p>\n","protected":false},"excerpt":{"rendered":"<p>Psychopraticienne, th\u00e9rapeute de l&rsquo;Enfant Int\u00e9rieur et \u00e9nerg\u00e9ticienne, je vous accompagne dans les moments d\u00e9licats de votre vie. Aller \u00e0 la rencontre de vous-m\u00eame, \u00ab\u00a0re-conna\u00eetre\u00a0\u00bb vos blessures, les consid\u00e9rer et les comprendre, vous permettra de vous apaiser et de retrouver le bien-\u00eatre souhait\u00e9. Pour cela, je vous propose un accompagnement adapt\u00e9 afin de vous permettre d\u2019acc\u00e9der &hellip; <\/p>\n<p class=\"link-more\"><a href=\"https:\/\/aurelierenard.fr\/index.php\/a-propos-de\/\" class=\"more-link\">Continuer la lecture<span class=\"screen-reader-text\"> de &laquo;&nbsp;\u00c0 propos&nbsp;&raquo;<\/span><\/a><\/p>\n","protected":false},"author":1,"featured_media":0,"parent":0,"menu_order":0,"comment_status":"closed","ping_status":"closed","template":"","meta":{"footnotes":""},"class_list":["post-7","page","type-page","status-publish","hentry"],"yoast_head":"<!-- This site is optimized with the Yoast SEO plugin v24.9 - https:\/\/yoast.com\/wordpress\/plugins\/seo\/ -->\n<title>\u00c0 propos - Aur\u00e9lie Renard<\/title>\n<meta name=\"description\" content=\"Psychopraticienne et th\u00e9rapeute de l&#039;Enfant Int\u00e9rieur, je vous accompagne avec mes pratiques, en m&#039;adaptant \u00e0 votre demande.\" \/>\n<meta name=\"robots\" content=\"index, follow, max-snippet:-1, max-image-preview:large, max-video-preview:-1\" \/>\n<link rel=\"canonical\" href=\"https:\/\/aurelierenard.fr\/index.php\/a-propos-de\/\" \/>\n<meta property=\"og:locale\" content=\"fr_FR\" \/>\n<meta property=\"og:type\" content=\"article\" \/>\n<meta property=\"og:title\" content=\"\u00c0 propos - Aur\u00e9lie Renard\" \/>\n<meta property=\"og:description\" content=\"Psychopraticienne et th\u00e9rapeute de l&#039;Enfant Int\u00e9rieur, je vous accompagne avec mes pratiques, en m&#039;adaptant \u00e0 votre demande.\" \/>\n<meta property=\"og:url\" content=\"https:\/\/aurelierenard.fr\/index.php\/a-propos-de\/\" \/>\n<meta property=\"og:site_name\" content=\"Aur\u00e9lie Renard\" \/>\n<meta property=\"article:modified_time\" content=\"2025-12-14T18:55:13+00:00\" \/>\n<meta property=\"og:image\" content=\"https:\/\/aurelierenard.fr\/wp-content\/uploads\/2024\/09\/1725979604916-scaled.jpg\" \/>\n\t<meta property=\"og:image:width\" content=\"2417\" \/>\n\t<meta property=\"og:image:height\" content=\"2560\" \/>\n\t<meta property=\"og:image:type\" content=\"image\/jpeg\" \/>\n<meta name=\"twitter:card\" content=\"summary_large_image\" \/>\n<meta name=\"twitter:label1\" content=\"Dur\u00e9e de lecture estim\u00e9e\" \/>\n\t<meta name=\"twitter:data1\" content=\"2 minutes\" \/>\n<script type=\"application\/ld+json\" class=\"yoast-schema-graph\">{\"@context\":\"https:\/\/schema.org\",\"@graph\":[{\"@type\":\"WebPage\",\"@id\":\"https:\/\/aurelierenard.fr\/index.php\/a-propos-de\/\",\"url\":\"https:\/\/aurelierenard.fr\/index.php\/a-propos-de\/\",\"name\":\"\u00c0 propos - Aur\u00e9lie Renard\",\"isPartOf\":{\"@id\":\"https:\/\/aurelierenard.fr\/#website\"},\"primaryImageOfPage\":{\"@id\":\"https:\/\/aurelierenard.fr\/index.php\/a-propos-de\/#primaryimage\"},\"image\":{\"@id\":\"https:\/\/aurelierenard.fr\/index.php\/a-propos-de\/#primaryimage\"},\"thumbnailUrl\":\"https:\/\/aurelierenard.fr\/wp-content\/uploads\/2024\/09\/1725979604916-283x300.jpg\",\"datePublished\":\"2018-11-19T21:04:03+00:00\",\"dateModified\":\"2025-12-14T18:55:13+00:00\",\"description\":\"Psychopraticienne et th\u00e9rapeute de l'Enfant Int\u00e9rieur, je vous accompagne avec mes pratiques, en m'adaptant \u00e0 votre demande.\",\"breadcrumb\":{\"@id\":\"https:\/\/aurelierenard.fr\/index.php\/a-propos-de\/#breadcrumb\"},\"inLanguage\":\"fr-FR\",\"potentialAction\":[{\"@type\":\"ReadAction\",\"target\":[\"https:\/\/aurelierenard.fr\/index.php\/a-propos-de\/\"]}]},{\"@type\":\"ImageObject\",\"inLanguage\":\"fr-FR\",\"@id\":\"https:\/\/aurelierenard.fr\/index.php\/a-propos-de\/#primaryimage\",\"url\":\"https:\/\/aurelierenard.fr\/wp-content\/uploads\/2024\/09\/1725979604916-scaled.jpg\",\"contentUrl\":\"https:\/\/aurelierenard.fr\/wp-content\/uploads\/2024\/09\/1725979604916-scaled.jpg\",\"width\":2417,\"height\":2560},{\"@type\":\"BreadcrumbList\",\"@id\":\"https:\/\/aurelierenard.fr\/index.php\/a-propos-de\/#breadcrumb\",\"itemListElement\":[{\"@type\":\"ListItem\",\"position\":1,\"name\":\"Accueil\",\"item\":\"https:\/\/aurelierenard.fr\/\"},{\"@type\":\"ListItem\",\"position\":2,\"name\":\"\u00c0 propos\"}]},{\"@type\":\"WebSite\",\"@id\":\"https:\/\/aurelierenard.fr\/#website\",\"url\":\"https:\/\/aurelierenard.fr\/\",\"name\":\"Aur\u00e9lie Renard\",\"description\":\"Psychopraticienne - th\u00e9rapie de l&#039;Enfant Int\u00e9rieur - \u00e9nerg\u00e9ticienne\",\"potentialAction\":[{\"@type\":\"SearchAction\",\"target\":{\"@type\":\"EntryPoint\",\"urlTemplate\":\"https:\/\/aurelierenard.fr\/?s={search_term_string}\"},\"query-input\":{\"@type\":\"PropertyValueSpecification\",\"valueRequired\":true,\"valueName\":\"search_term_string\"}}],\"inLanguage\":\"fr-FR\"}]}<\/script>\n<!-- \/ Yoast SEO plugin. -->","yoast_head_json":{"title":"\u00c0 propos - Aur\u00e9lie Renard","description":"Psychopraticienne et th\u00e9rapeute de l'Enfant Int\u00e9rieur, je vous accompagne avec mes pratiques, en m'adaptant \u00e0 votre demande.","robots":{"index":"index","follow":"follow","max-snippet":"max-snippet:-1","max-image-preview":"max-image-preview:large","max-video-preview":"max-video-preview:-1"},"canonical":"https:\/\/aurelierenard.fr\/index.php\/a-propos-de\/","og_locale":"fr_FR","og_type":"article","og_title":"\u00c0 propos - Aur\u00e9lie Renard","og_description":"Psychopraticienne et th\u00e9rapeute de l'Enfant Int\u00e9rieur, je vous accompagne avec mes pratiques, en m'adaptant \u00e0 votre demande.","og_url":"https:\/\/aurelierenard.fr\/index.php\/a-propos-de\/","og_site_name":"Aur\u00e9lie Renard","article_modified_time":"2025-12-14T18:55:13+00:00","og_image":[{"width":2417,"height":2560,"url":"https:\/\/aurelierenard.fr\/wp-content\/uploads\/2024\/09\/1725979604916-scaled.jpg","type":"image\/jpeg"}],"twitter_card":"summary_large_image","twitter_misc":{"Dur\u00e9e de lecture estim\u00e9e":"2 minutes"},"schema":{"@context":"https:\/\/schema.org","@graph":[{"@type":"WebPage","@id":"https:\/\/aurelierenard.fr\/index.php\/a-propos-de\/","url":"https:\/\/aurelierenard.fr\/index.php\/a-propos-de\/","name":"\u00c0 propos - Aur\u00e9lie Renard","isPartOf":{"@id":"https:\/\/aurelierenard.fr\/#website"},"primaryImageOfPage":{"@id":"https:\/\/aurelierenard.fr\/index.php\/a-propos-de\/#primaryimage"},"image":{"@id":"https:\/\/aurelierenard.fr\/index.php\/a-propos-de\/#primaryimage"},"thumbnailUrl":"https:\/\/aurelierenard.fr\/wp-content\/uploads\/2024\/09\/1725979604916-283x300.jpg","datePublished":"2018-11-19T21:04:03+00:00","dateModified":"2025-12-14T18:55:13+00:00","description":"Psychopraticienne et th\u00e9rapeute de l'Enfant Int\u00e9rieur, je vous accompagne avec mes pratiques, en m'adaptant \u00e0 votre demande.","breadcrumb":{"@id":"https:\/\/aurelierenard.fr\/index.php\/a-propos-de\/#breadcrumb"},"inLanguage":"fr-FR","potentialAction":[{"@type":"ReadAction","target":["https:\/\/aurelierenard.fr\/index.php\/a-propos-de\/"]}]},{"@type":"ImageObject","inLanguage":"fr-FR","@id":"https:\/\/aurelierenard.fr\/index.php\/a-propos-de\/#primaryimage","url":"https:\/\/aurelierenard.fr\/wp-content\/uploads\/2024\/09\/1725979604916-scaled.jpg","contentUrl":"https:\/\/aurelierenard.fr\/wp-content\/uploads\/2024\/09\/1725979604916-scaled.jpg","width":2417,"height":2560},{"@type":"BreadcrumbList","@id":"https:\/\/aurelierenard.fr\/index.php\/a-propos-de\/#breadcrumb","itemListElement":[{"@type":"ListItem","position":1,"name":"Accueil","item":"https:\/\/aurelierenard.fr\/"},{"@type":"ListItem","position":2,"name":"\u00c0 propos"}]},{"@type":"WebSite","@id":"https:\/\/aurelierenard.fr\/#website","url":"https:\/\/aurelierenard.fr\/","name":"Aur\u00e9lie Renard","description":"Psychopraticienne - th\u00e9rapie de l&#039;Enfant Int\u00e9rieur - \u00e9nerg\u00e9ticienne","potentialAction":[{"@type":"SearchAction","target":{"@type":"EntryPoint","urlTemplate":"https:\/\/aurelierenard.fr\/?s={search_term_string}"},"query-input":{"@type":"PropertyValueSpecification","valueRequired":true,"valueName":"search_term_string"}}],"inLanguage":"fr-FR"}]}},"_links":{"self":[{"href":"https:\/\/aurelierenard.fr\/index.php\/wp-json\/wp\/v2\/pages\/7","targetHints":{"allow":["GET"]}}],"collection":[{"href":"https:\/\/aurelierenard.fr\/index.php\/wp-json\/wp\/v2\/pages"}],"about":[{"href":"https:\/\/aurelierenard.fr\/index.php\/wp-json\/wp\/v2\/types\/page"}],"author":[{"embeddable":true,"href":"https:\/\/aurelierenard.fr\/index.php\/wp-json\/wp\/v2\/users\/1"}],"replies":[{"embeddable":true,"href":"https:\/\/aurelierenard.fr\/index.php\/wp-json\/wp\/v2\/comments?post=7"}],"version-history":[{"count":53,"href":"https:\/\/aurelierenard.fr\/index.php\/wp-json\/wp\/v2\/pages\/7\/revisions"}],"predecessor-version":[{"id":3638,"href":"https:\/\/aurelierenard.fr\/index.php\/wp-json\/wp\/v2\/pages\/7\/revisions\/3638"}],"wp:attachment":[{"href":"https:\/\/aurelierenard.fr\/index.php\/wp-json\/wp\/v2\/media?parent=7"}],"curies":[{"name":"wp","href":"https:\/\/api.w.org\/{rel}","templated":true}]}}