{"id":8,"date":"2018-11-19T21:04:04","date_gmt":"2018-11-19T21:04:04","guid":{"rendered":"http:\/\/cyle.fr\/aurel\/wp\/?page_id=8"},"modified":"2025-12-14T18:01:43","modified_gmt":"2025-12-14T18:01:43","slug":"seances","status":"publish","type":"page","link":"https:\/\/aurelierenard.fr\/index.php\/seances\/","title":{"rendered":"S\u00e9ances &#038; tarifs"},"content":{"rendered":"<p style=\"text-align: center;\">Je vous accompagne avec bienveillance et non jugement, mettant \u00e0 votre disposition les outils dont je dispose.\u00a0<\/p>\n<p style=\"text-align: center;\">Le nombre de s\u00e9ances est fonction de votre histoire, de votre probl\u00e9matique et de la m\u00e9thode de travail appropri\u00e9e, sachant que <span style=\"color: #008080;\">3 s\u00e9ances minimum sont recommand\u00e9es<\/span>.<\/p>\n<p style=\"text-align: center;\">Les rendez-vous ont lieu au chalet ou bien par t\u00e9l\u00e9phone ou visio.<\/p>\n<p><img loading=\"lazy\" decoding=\"async\" class=\"alignnone size-medium wp-image-179 aligncenter\" src=\"http:\/\/cyle.fr\/aurel\/wp\/wp-content\/uploads\/2018\/11\/interieur-chalet-300x169.jpg\" alt=\"\" width=\"300\" height=\"169\" srcset=\"https:\/\/aurelierenard.fr\/wp-content\/uploads\/2018\/11\/interieur-chalet-300x169.jpg 300w, https:\/\/aurelierenard.fr\/wp-content\/uploads\/2018\/11\/interieur-chalet-768x432.jpg 768w, https:\/\/aurelierenard.fr\/wp-content\/uploads\/2018\/11\/interieur-chalet.jpg 960w\" sizes=\"auto, (max-width: 300px) 100vw, 300px\" \/><\/p>\n<p style=\"text-align: left;\"><strong><span style=\"color: #008080;\">Tarifs<\/span><\/strong> :\u00a0 \u00a0\u00a0<\/p>\n<p style=\"text-align: center;\">adultes<strong> 70<\/strong>\u00a0\u20ac\u00a0 \u00a0<\/p>\n<p style=\"text-align: center;\">adolescents (12 ans et +) <b>60<\/b>\u00a0\u20ac\u00a0<\/p>\n<p style=\"text-align: center;\">enfants<strong> 50<\/strong>\u00a0\u20ac\u00a0\u00a0<\/p>\n<p style=\"text-align: center;\">Toute s\u00e9ance annul\u00e9e moins de 48h en avance sera factur\u00e9e. Merci de votre compr\u00e9hension.<\/p>\n<p style=\"text-align: left;\"><strong><span style=\"color: #008080;\">Dur\u00e9e<\/span><\/strong> :<\/p>\n<p style=\"text-align: center;\"><strong>S\u00e9ance d&rsquo;accompagnement<\/strong> :\u00a0 adulte 1h \/ adolescent 45 min \/ enfant 30 min<\/p>\n<p style=\"text-align: center;\"><strong>S\u00e9ance Access Bars<\/strong> : adulte 1h30 \/ adolescent 1h15 \/ enfant 1h<\/p>\n<p style=\"text-align: center;\"><span style=\"color: #008080;\"><strong><a style=\"color: #008080;\" href=\"https:\/\/aurelierenard.fr\/index.php\/contact\/\"><span style=\"color: #000000;\">Me contacter<\/span><\/a><\/strong><\/span>\u00a0ou <span style=\"color: #000000;\"><strong><a style=\"color: #000000;\" href=\"http:\/\/www.psychologue.net\/procard\/aurelie-renard\/social\">Prendre RDV en ligne<\/a><\/strong><\/span><\/p>\n\n\n<p><\/p>\n","protected":false},"excerpt":{"rendered":"<p>Je vous accompagne avec bienveillance et non jugement, mettant \u00e0 votre disposition les outils dont je dispose.\u00a0 Le nombre de s\u00e9ances est fonction de votre histoire, de votre probl\u00e9matique et de la m\u00e9thode de travail appropri\u00e9e, sachant que 3 s\u00e9ances minimum sont recommand\u00e9es. Les rendez-vous ont lieu au chalet ou bien par t\u00e9l\u00e9phone ou visio. &hellip; <\/p>\n<p class=\"link-more\"><a href=\"https:\/\/aurelierenard.fr\/index.php\/seances\/\" class=\"more-link\">Continuer la lecture<span class=\"screen-reader-text\"> de &laquo;&nbsp;S\u00e9ances &#038; tarifs&nbsp;&raquo;<\/span><\/a><\/p>\n","protected":false},"author":1,"featured_media":0,"parent":0,"menu_order":0,"comment_status":"closed","ping_status":"closed","template":"","meta":{"footnotes":""},"class_list":["post-8","page","type-page","status-publish","hentry"],"yoast_head":"<!-- This site is optimized with the Yoast SEO plugin v24.9 - https:\/\/yoast.com\/wordpress\/plugins\/seo\/ -->\n<title>S\u00e9ances &amp; tarifs - Aur\u00e9lie Renard<\/title>\n<meta name=\"robots\" content=\"index, follow, max-snippet:-1, max-image-preview:large, max-video-preview:-1\" \/>\n<link rel=\"canonical\" href=\"https:\/\/aurelierenard.fr\/index.php\/seances\/\" \/>\n<meta property=\"og:locale\" content=\"fr_FR\" \/>\n<meta property=\"og:type\" content=\"article\" \/>\n<meta property=\"og:title\" content=\"S\u00e9ances &amp; tarifs - Aur\u00e9lie Renard\" \/>\n<meta property=\"og:description\" content=\"Je vous accompagne avec bienveillance et non jugement, mettant \u00e0 votre disposition les outils dont je dispose.\u00a0 Le nombre de s\u00e9ances est fonction de votre histoire, de votre probl\u00e9matique et de la m\u00e9thode de travail appropri\u00e9e, sachant que 3 s\u00e9ances minimum sont recommand\u00e9es. Les rendez-vous ont lieu au chalet ou bien par t\u00e9l\u00e9phone ou visio. &hellip; Continuer la lecture de &laquo;&nbsp;S\u00e9ances &#038; tarifs&nbsp;&raquo;\" \/>\n<meta property=\"og:url\" content=\"https:\/\/aurelierenard.fr\/index.php\/seances\/\" \/>\n<meta property=\"og:site_name\" content=\"Aur\u00e9lie Renard\" \/>\n<meta property=\"article:modified_time\" content=\"2025-12-14T18:01:43+00:00\" \/>\n<meta property=\"og:image\" content=\"https:\/\/aurelierenard.fr\/wp-content\/uploads\/2018\/11\/interieur-chalet.jpg\" \/>\n\t<meta property=\"og:image:width\" content=\"960\" \/>\n\t<meta property=\"og:image:height\" content=\"540\" \/>\n\t<meta property=\"og:image:type\" content=\"image\/jpeg\" \/>\n<meta name=\"twitter:card\" content=\"summary_large_image\" \/>\n<meta name=\"twitter:label1\" content=\"Dur\u00e9e de lecture estim\u00e9e\" \/>\n\t<meta name=\"twitter:data1\" content=\"1 minute\" \/>\n<script type=\"application\/ld+json\" class=\"yoast-schema-graph\">{\"@context\":\"https:\/\/schema.org\",\"@graph\":[{\"@type\":\"WebPage\",\"@id\":\"https:\/\/aurelierenard.fr\/index.php\/seances\/\",\"url\":\"https:\/\/aurelierenard.fr\/index.php\/seances\/\",\"name\":\"S\u00e9ances & tarifs - Aur\u00e9lie Renard\",\"isPartOf\":{\"@id\":\"https:\/\/aurelierenard.fr\/#website\"},\"primaryImageOfPage\":{\"@id\":\"https:\/\/aurelierenard.fr\/index.php\/seances\/#primaryimage\"},\"image\":{\"@id\":\"https:\/\/aurelierenard.fr\/index.php\/seances\/#primaryimage\"},\"thumbnailUrl\":\"http:\/\/cyle.fr\/aurel\/wp\/wp-content\/uploads\/2018\/11\/interieur-chalet-300x169.jpg\",\"datePublished\":\"2018-11-19T21:04:04+00:00\",\"dateModified\":\"2025-12-14T18:01:43+00:00\",\"breadcrumb\":{\"@id\":\"https:\/\/aurelierenard.fr\/index.php\/seances\/#breadcrumb\"},\"inLanguage\":\"fr-FR\",\"potentialAction\":[{\"@type\":\"ReadAction\",\"target\":[\"https:\/\/aurelierenard.fr\/index.php\/seances\/\"]}]},{\"@type\":\"ImageObject\",\"inLanguage\":\"fr-FR\",\"@id\":\"https:\/\/aurelierenard.fr\/index.php\/seances\/#primaryimage\",\"url\":\"http:\/\/cyle.fr\/aurel\/wp\/wp-content\/uploads\/2018\/11\/interieur-chalet-300x169.jpg\",\"contentUrl\":\"http:\/\/cyle.fr\/aurel\/wp\/wp-content\/uploads\/2018\/11\/interieur-chalet-300x169.jpg\"},{\"@type\":\"BreadcrumbList\",\"@id\":\"https:\/\/aurelierenard.fr\/index.php\/seances\/#breadcrumb\",\"itemListElement\":[{\"@type\":\"ListItem\",\"position\":1,\"name\":\"Accueil\",\"item\":\"https:\/\/aurelierenard.fr\/\"},{\"@type\":\"ListItem\",\"position\":2,\"name\":\"S\u00e9ances &#038; tarifs\"}]},{\"@type\":\"WebSite\",\"@id\":\"https:\/\/aurelierenard.fr\/#website\",\"url\":\"https:\/\/aurelierenard.fr\/\",\"name\":\"Aur\u00e9lie Renard\",\"description\":\"Psychopraticienne - th\u00e9rapie de l&#039;Enfant Int\u00e9rieur - \u00e9nerg\u00e9ticienne\",\"potentialAction\":[{\"@type\":\"SearchAction\",\"target\":{\"@type\":\"EntryPoint\",\"urlTemplate\":\"https:\/\/aurelierenard.fr\/?s={search_term_string}\"},\"query-input\":{\"@type\":\"PropertyValueSpecification\",\"valueRequired\":true,\"valueName\":\"search_term_string\"}}],\"inLanguage\":\"fr-FR\"}]}<\/script>\n<!-- \/ Yoast SEO plugin. -->","yoast_head_json":{"title":"S\u00e9ances & tarifs - Aur\u00e9lie Renard","robots":{"index":"index","follow":"follow","max-snippet":"max-snippet:-1","max-image-preview":"max-image-preview:large","max-video-preview":"max-video-preview:-1"},"canonical":"https:\/\/aurelierenard.fr\/index.php\/seances\/","og_locale":"fr_FR","og_type":"article","og_title":"S\u00e9ances & tarifs - Aur\u00e9lie Renard","og_description":"Je vous accompagne avec bienveillance et non jugement, mettant \u00e0 votre disposition les outils dont je dispose.\u00a0 Le nombre de s\u00e9ances est fonction de votre histoire, de votre probl\u00e9matique et de la m\u00e9thode de travail appropri\u00e9e, sachant que 3 s\u00e9ances minimum sont recommand\u00e9es. Les rendez-vous ont lieu au chalet ou bien par t\u00e9l\u00e9phone ou visio. &hellip; Continuer la lecture de &laquo;&nbsp;S\u00e9ances &#038; tarifs&nbsp;&raquo;","og_url":"https:\/\/aurelierenard.fr\/index.php\/seances\/","og_site_name":"Aur\u00e9lie Renard","article_modified_time":"2025-12-14T18:01:43+00:00","og_image":[{"width":960,"height":540,"url":"https:\/\/aurelierenard.fr\/wp-content\/uploads\/2018\/11\/interieur-chalet.jpg","type":"image\/jpeg"}],"twitter_card":"summary_large_image","twitter_misc":{"Dur\u00e9e de lecture estim\u00e9e":"1 minute"},"schema":{"@context":"https:\/\/schema.org","@graph":[{"@type":"WebPage","@id":"https:\/\/aurelierenard.fr\/index.php\/seances\/","url":"https:\/\/aurelierenard.fr\/index.php\/seances\/","name":"S\u00e9ances & tarifs - Aur\u00e9lie Renard","isPartOf":{"@id":"https:\/\/aurelierenard.fr\/#website"},"primaryImageOfPage":{"@id":"https:\/\/aurelierenard.fr\/index.php\/seances\/#primaryimage"},"image":{"@id":"https:\/\/aurelierenard.fr\/index.php\/seances\/#primaryimage"},"thumbnailUrl":"http:\/\/cyle.fr\/aurel\/wp\/wp-content\/uploads\/2018\/11\/interieur-chalet-300x169.jpg","datePublished":"2018-11-19T21:04:04+00:00","dateModified":"2025-12-14T18:01:43+00:00","breadcrumb":{"@id":"https:\/\/aurelierenard.fr\/index.php\/seances\/#breadcrumb"},"inLanguage":"fr-FR","potentialAction":[{"@type":"ReadAction","target":["https:\/\/aurelierenard.fr\/index.php\/seances\/"]}]},{"@type":"ImageObject","inLanguage":"fr-FR","@id":"https:\/\/aurelierenard.fr\/index.php\/seances\/#primaryimage","url":"http:\/\/cyle.fr\/aurel\/wp\/wp-content\/uploads\/2018\/11\/interieur-chalet-300x169.jpg","contentUrl":"http:\/\/cyle.fr\/aurel\/wp\/wp-content\/uploads\/2018\/11\/interieur-chalet-300x169.jpg"},{"@type":"BreadcrumbList","@id":"https:\/\/aurelierenard.fr\/index.php\/seances\/#breadcrumb","itemListElement":[{"@type":"ListItem","position":1,"name":"Accueil","item":"https:\/\/aurelierenard.fr\/"},{"@type":"ListItem","position":2,"name":"S\u00e9ances &#038; tarifs"}]},{"@type":"WebSite","@id":"https:\/\/aurelierenard.fr\/#website","url":"https:\/\/aurelierenard.fr\/","name":"Aur\u00e9lie Renard","description":"Psychopraticienne - th\u00e9rapie de l&#039;Enfant Int\u00e9rieur - \u00e9nerg\u00e9ticienne","potentialAction":[{"@type":"SearchAction","target":{"@type":"EntryPoint","urlTemplate":"https:\/\/aurelierenard.fr\/?s={search_term_string}"},"query-input":{"@type":"PropertyValueSpecification","valueRequired":true,"valueName":"search_term_string"}}],"inLanguage":"fr-FR"}]}},"_links":{"self":[{"href":"https:\/\/aurelierenard.fr\/index.php\/wp-json\/wp\/v2\/pages\/8","targetHints":{"allow":["GET"]}}],"collection":[{"href":"https:\/\/aurelierenard.fr\/index.php\/wp-json\/wp\/v2\/pages"}],"about":[{"href":"https:\/\/aurelierenard.fr\/index.php\/wp-json\/wp\/v2\/types\/page"}],"author":[{"embeddable":true,"href":"https:\/\/aurelierenard.fr\/index.php\/wp-json\/wp\/v2\/users\/1"}],"replies":[{"embeddable":true,"href":"https:\/\/aurelierenard.fr\/index.php\/wp-json\/wp\/v2\/comments?post=8"}],"version-history":[{"count":31,"href":"https:\/\/aurelierenard.fr\/index.php\/wp-json\/wp\/v2\/pages\/8\/revisions"}],"predecessor-version":[{"id":3634,"href":"https:\/\/aurelierenard.fr\/index.php\/wp-json\/wp\/v2\/pages\/8\/revisions\/3634"}],"wp:attachment":[{"href":"https:\/\/aurelierenard.fr\/index.php\/wp-json\/wp\/v2\/media?parent=8"}],"curies":[{"name":"wp","href":"https:\/\/api.w.org\/{rel}","templated":true}]}}