{"id":955,"date":"2020-03-23T20:08:36","date_gmt":"2020-03-23T20:08:36","guid":{"rendered":"http:\/\/aurelierenard.fr\/?page_id=955"},"modified":"2024-09-12T12:13:59","modified_gmt":"2024-09-12T12:13:59","slug":"lenfant-interieur","status":"publish","type":"page","link":"https:\/\/aurelierenard.fr\/index.php\/lenfant-interieur\/","title":{"rendered":"Th\u00e9rapie de l&rsquo;Enfant Int\u00e9rieur"},"content":{"rendered":"\n<div class=\"wp-block-group\"><div class=\"wp-block-group__inner-container is-layout-flow wp-block-group-is-layout-flow\">\n<p><img loading=\"lazy\" decoding=\"async\" class=\"size-large wp-image-1114 aligncenter\" src=\"https:\/\/aurelierenard.fr\/wp-content\/uploads\/2020\/05\/Toutes-les-grandes-personnes-ont-dabord-\u00e9t\u00e9-des-enfants-mais-peu-dentre-elles-sen-souviennent._-Anointe-de-St-Exup\u00e9ry-1024x727.jpg\" alt=\"\" width=\"525\" height=\"373\" srcset=\"https:\/\/aurelierenard.fr\/wp-content\/uploads\/2020\/05\/Toutes-les-grandes-personnes-ont-dabord-\u00e9t\u00e9-des-enfants-mais-peu-dentre-elles-sen-souviennent._-Anointe-de-St-Exup\u00e9ry-1024x727.jpg 1024w, https:\/\/aurelierenard.fr\/wp-content\/uploads\/2020\/05\/Toutes-les-grandes-personnes-ont-dabord-\u00e9t\u00e9-des-enfants-mais-peu-dentre-elles-sen-souviennent._-Anointe-de-St-Exup\u00e9ry-300x213.jpg 300w, https:\/\/aurelierenard.fr\/wp-content\/uploads\/2020\/05\/Toutes-les-grandes-personnes-ont-dabord-\u00e9t\u00e9-des-enfants-mais-peu-dentre-elles-sen-souviennent._-Anointe-de-St-Exup\u00e9ry-768x545.jpg 768w, https:\/\/aurelierenard.fr\/wp-content\/uploads\/2020\/05\/Toutes-les-grandes-personnes-ont-dabord-\u00e9t\u00e9-des-enfants-mais-peu-dentre-elles-sen-souviennent._-Anointe-de-St-Exup\u00e9ry-1536x1090.jpg 1536w, https:\/\/aurelierenard.fr\/wp-content\/uploads\/2020\/05\/Toutes-les-grandes-personnes-ont-dabord-\u00e9t\u00e9-des-enfants-mais-peu-dentre-elles-sen-souviennent._-Anointe-de-St-Exup\u00e9ry.jpg 1747w\" sizes=\"auto, (max-width: 525px) 100vw, 525px\" \/><\/p>\n<p><span style=\"color: #99cc00;\">L&rsquo;<\/span><strong><span style=\"color: #99cc00;\">Enfant Int\u00e9rieur est<\/span><\/strong> comme notre \u00ab\u00a0Tout l&rsquo;Univers\u00a0\u00bb personnel. C&rsquo;est l&rsquo;encyclop\u00e9die de nos <strong><span style=\"color: #99cc00;\">\u00e9motions, r\u00e9actions, adaptabilit\u00e9s<\/span><\/strong>, \u00e9crite selon notre histoire de vie, nos exp\u00e9riences, nos croyances, notre transg\u00e9n\u00e9rationnel, notre environnement. C&rsquo;est cette part de nous spontan\u00e9ment joyeux, triste, en col\u00e8re&#8230;<\/p>\n<p>Il s&rsquo;agit en r\u00e9alit\u00e9 d&rsquo;une connexion neuronale dans notre cerveau. <span style=\"color: #99cc00;\"><strong>Un \u00e9tat de nous qui s&rsquo;est construit lorsque nous \u00e9tions enfant.\u00a0 <\/strong><\/span>En vieillissant l&rsquo;adulte oublie cet enfant qu&rsquo;il a \u00e9t\u00e9, sans avoir prit le temps de l&rsquo;\u00e9couter, de le consid\u00e9rer ou de panser ses blessures, ses peines, ses manques, ses col\u00e8res, ses hontes, ses peurs.\u00a0<\/p>\n<p>Certaines situations actuelles font ressurgir les blessures du pass\u00e9 et c&rsquo;est \u00e0 ce moment que notre<strong><span style=\"color: #99cc00;\"> Enfant Int\u00e9rieur s&rsquo;exprime de fa\u00e7on parfois irrationnelle et surprenante<\/span>.<\/strong> Parce que tout ce qui n&rsquo;a pas \u00e9t\u00e9 r\u00e9solu refait surface, sous une autre apparence, et nous demande de s&rsquo;y attarder pour lib\u00e9rer cette blessure et se sentir mieux ensuite.<\/p>\n<p>La th\u00e9rapie de l&rsquo;Enfant Int\u00e9rieur vous permet de <strong><span style=\"color: #3366ff;\"><span style=\"color: #99cc00;\">rencontrer et comprendre vos diff\u00e9rents \u00e9tats, de trouver une forme d&rsquo;\u00e9quilibre <\/span><\/span><\/strong><span style=\"color: #3366ff;\"><span style=\"color: #000000;\">afin de mettre du sens, de vous sentir plus en paix pour <\/span><\/span>avancer et <span style=\"color: #99cc00;\"><strong>devenir le cr\u00e9ateur de votre vie.<\/strong><\/span><\/p>\n<p style=\"text-align: center;\"><strong><a href=\"https:\/\/aurelierenard.fr\/index.php\/seances\/\">S\u00e9ances &amp; tarifs<\/a><\/strong><\/p>\n\n\n\n<p><\/p>\n<\/div><\/div>\n\n\n\n<div class=\"wp-block-group\"><div class=\"wp-block-group__inner-container is-layout-flow wp-block-group-is-layout-flow\"><\/div><\/div>\n","protected":false},"excerpt":{"rendered":"<p>L&rsquo;Enfant Int\u00e9rieur est comme notre \u00ab\u00a0Tout l&rsquo;Univers\u00a0\u00bb personnel. C&rsquo;est l&rsquo;encyclop\u00e9die de nos \u00e9motions, r\u00e9actions, adaptabilit\u00e9s, \u00e9crite selon notre histoire de vie, nos exp\u00e9riences, nos croyances, notre transg\u00e9n\u00e9rationnel, notre environnement. C&rsquo;est cette part de nous spontan\u00e9ment joyeux, triste, en col\u00e8re&#8230; Il s&rsquo;agit en r\u00e9alit\u00e9 d&rsquo;une connexion neuronale dans notre cerveau. Un \u00e9tat de nous qui s&rsquo;est &hellip; <\/p>\n<p class=\"link-more\"><a href=\"https:\/\/aurelierenard.fr\/index.php\/lenfant-interieur\/\" class=\"more-link\">Continuer la lecture<span class=\"screen-reader-text\"> de &laquo;&nbsp;Th\u00e9rapie de l&rsquo;Enfant Int\u00e9rieur&nbsp;&raquo;<\/span><\/a><\/p>\n","protected":false},"author":1,"featured_media":0,"parent":0,"menu_order":0,"comment_status":"closed","ping_status":"closed","template":"","meta":{"footnotes":""},"class_list":["post-955","page","type-page","status-publish","hentry"],"yoast_head":"<!-- This site is optimized with the Yoast SEO plugin v24.9 - https:\/\/yoast.com\/wordpress\/plugins\/seo\/ -->\n<title>Th\u00e9rapie de l&#039;Enfant Int\u00e9rieur - Aur\u00e9lie Renard<\/title>\n<meta name=\"robots\" content=\"index, follow, max-snippet:-1, max-image-preview:large, max-video-preview:-1\" \/>\n<link rel=\"canonical\" href=\"https:\/\/aurelierenard.fr\/index.php\/lenfant-interieur\/\" \/>\n<meta property=\"og:locale\" content=\"fr_FR\" \/>\n<meta property=\"og:type\" content=\"article\" \/>\n<meta property=\"og:title\" content=\"Th\u00e9rapie de l&#039;Enfant Int\u00e9rieur - Aur\u00e9lie Renard\" \/>\n<meta property=\"og:description\" content=\"L&rsquo;Enfant Int\u00e9rieur est comme notre \u00ab\u00a0Tout l&rsquo;Univers\u00a0\u00bb personnel. C&rsquo;est l&rsquo;encyclop\u00e9die de nos \u00e9motions, r\u00e9actions, adaptabilit\u00e9s, \u00e9crite selon notre histoire de vie, nos exp\u00e9riences, nos croyances, notre transg\u00e9n\u00e9rationnel, notre environnement. C&rsquo;est cette part de nous spontan\u00e9ment joyeux, triste, en col\u00e8re&#8230; Il s&rsquo;agit en r\u00e9alit\u00e9 d&rsquo;une connexion neuronale dans notre cerveau. Un \u00e9tat de nous qui s&rsquo;est &hellip; Continuer la lecture de &laquo;&nbsp;Th\u00e9rapie de l&rsquo;Enfant Int\u00e9rieur&nbsp;&raquo;\" \/>\n<meta property=\"og:url\" content=\"https:\/\/aurelierenard.fr\/index.php\/lenfant-interieur\/\" \/>\n<meta property=\"og:site_name\" content=\"Aur\u00e9lie Renard\" \/>\n<meta property=\"article:modified_time\" content=\"2024-09-12T12:13:59+00:00\" \/>\n<meta name=\"twitter:card\" content=\"summary_large_image\" \/>\n<meta name=\"twitter:label1\" content=\"Dur\u00e9e de lecture estim\u00e9e\" \/>\n\t<meta name=\"twitter:data1\" content=\"2 minutes\" \/>\n<script type=\"application\/ld+json\" class=\"yoast-schema-graph\">{\"@context\":\"https:\/\/schema.org\",\"@graph\":[{\"@type\":\"WebPage\",\"@id\":\"https:\/\/aurelierenard.fr\/index.php\/lenfant-interieur\/\",\"url\":\"https:\/\/aurelierenard.fr\/index.php\/lenfant-interieur\/\",\"name\":\"Th\u00e9rapie de l'Enfant Int\u00e9rieur - Aur\u00e9lie Renard\",\"isPartOf\":{\"@id\":\"https:\/\/aurelierenard.fr\/#website\"},\"datePublished\":\"2020-03-23T20:08:36+00:00\",\"dateModified\":\"2024-09-12T12:13:59+00:00\",\"breadcrumb\":{\"@id\":\"https:\/\/aurelierenard.fr\/index.php\/lenfant-interieur\/#breadcrumb\"},\"inLanguage\":\"fr-FR\",\"potentialAction\":[{\"@type\":\"ReadAction\",\"target\":[\"https:\/\/aurelierenard.fr\/index.php\/lenfant-interieur\/\"]}]},{\"@type\":\"BreadcrumbList\",\"@id\":\"https:\/\/aurelierenard.fr\/index.php\/lenfant-interieur\/#breadcrumb\",\"itemListElement\":[{\"@type\":\"ListItem\",\"position\":1,\"name\":\"Accueil\",\"item\":\"https:\/\/aurelierenard.fr\/\"},{\"@type\":\"ListItem\",\"position\":2,\"name\":\"Th\u00e9rapie de l&rsquo;Enfant Int\u00e9rieur\"}]},{\"@type\":\"WebSite\",\"@id\":\"https:\/\/aurelierenard.fr\/#website\",\"url\":\"https:\/\/aurelierenard.fr\/\",\"name\":\"Aur\u00e9lie Renard\",\"description\":\"Psychopraticienne - th\u00e9rapie de l&#039;Enfant Int\u00e9rieur - \u00e9nerg\u00e9ticienne\",\"potentialAction\":[{\"@type\":\"SearchAction\",\"target\":{\"@type\":\"EntryPoint\",\"urlTemplate\":\"https:\/\/aurelierenard.fr\/?s={search_term_string}\"},\"query-input\":{\"@type\":\"PropertyValueSpecification\",\"valueRequired\":true,\"valueName\":\"search_term_string\"}}],\"inLanguage\":\"fr-FR\"}]}<\/script>\n<!-- \/ Yoast SEO plugin. -->","yoast_head_json":{"title":"Th\u00e9rapie de l'Enfant Int\u00e9rieur - Aur\u00e9lie Renard","robots":{"index":"index","follow":"follow","max-snippet":"max-snippet:-1","max-image-preview":"max-image-preview:large","max-video-preview":"max-video-preview:-1"},"canonical":"https:\/\/aurelierenard.fr\/index.php\/lenfant-interieur\/","og_locale":"fr_FR","og_type":"article","og_title":"Th\u00e9rapie de l'Enfant Int\u00e9rieur - Aur\u00e9lie Renard","og_description":"L&rsquo;Enfant Int\u00e9rieur est comme notre \u00ab\u00a0Tout l&rsquo;Univers\u00a0\u00bb personnel. C&rsquo;est l&rsquo;encyclop\u00e9die de nos \u00e9motions, r\u00e9actions, adaptabilit\u00e9s, \u00e9crite selon notre histoire de vie, nos exp\u00e9riences, nos croyances, notre transg\u00e9n\u00e9rationnel, notre environnement. C&rsquo;est cette part de nous spontan\u00e9ment joyeux, triste, en col\u00e8re&#8230; Il s&rsquo;agit en r\u00e9alit\u00e9 d&rsquo;une connexion neuronale dans notre cerveau. Un \u00e9tat de nous qui s&rsquo;est &hellip; Continuer la lecture de &laquo;&nbsp;Th\u00e9rapie de l&rsquo;Enfant Int\u00e9rieur&nbsp;&raquo;","og_url":"https:\/\/aurelierenard.fr\/index.php\/lenfant-interieur\/","og_site_name":"Aur\u00e9lie Renard","article_modified_time":"2024-09-12T12:13:59+00:00","twitter_card":"summary_large_image","twitter_misc":{"Dur\u00e9e de lecture estim\u00e9e":"2 minutes"},"schema":{"@context":"https:\/\/schema.org","@graph":[{"@type":"WebPage","@id":"https:\/\/aurelierenard.fr\/index.php\/lenfant-interieur\/","url":"https:\/\/aurelierenard.fr\/index.php\/lenfant-interieur\/","name":"Th\u00e9rapie de l'Enfant Int\u00e9rieur - Aur\u00e9lie Renard","isPartOf":{"@id":"https:\/\/aurelierenard.fr\/#website"},"datePublished":"2020-03-23T20:08:36+00:00","dateModified":"2024-09-12T12:13:59+00:00","breadcrumb":{"@id":"https:\/\/aurelierenard.fr\/index.php\/lenfant-interieur\/#breadcrumb"},"inLanguage":"fr-FR","potentialAction":[{"@type":"ReadAction","target":["https:\/\/aurelierenard.fr\/index.php\/lenfant-interieur\/"]}]},{"@type":"BreadcrumbList","@id":"https:\/\/aurelierenard.fr\/index.php\/lenfant-interieur\/#breadcrumb","itemListElement":[{"@type":"ListItem","position":1,"name":"Accueil","item":"https:\/\/aurelierenard.fr\/"},{"@type":"ListItem","position":2,"name":"Th\u00e9rapie de l&rsquo;Enfant Int\u00e9rieur"}]},{"@type":"WebSite","@id":"https:\/\/aurelierenard.fr\/#website","url":"https:\/\/aurelierenard.fr\/","name":"Aur\u00e9lie Renard","description":"Psychopraticienne - th\u00e9rapie de l&#039;Enfant Int\u00e9rieur - \u00e9nerg\u00e9ticienne","potentialAction":[{"@type":"SearchAction","target":{"@type":"EntryPoint","urlTemplate":"https:\/\/aurelierenard.fr\/?s={search_term_string}"},"query-input":{"@type":"PropertyValueSpecification","valueRequired":true,"valueName":"search_term_string"}}],"inLanguage":"fr-FR"}]}},"_links":{"self":[{"href":"https:\/\/aurelierenard.fr\/index.php\/wp-json\/wp\/v2\/pages\/955","targetHints":{"allow":["GET"]}}],"collection":[{"href":"https:\/\/aurelierenard.fr\/index.php\/wp-json\/wp\/v2\/pages"}],"about":[{"href":"https:\/\/aurelierenard.fr\/index.php\/wp-json\/wp\/v2\/types\/page"}],"author":[{"embeddable":true,"href":"https:\/\/aurelierenard.fr\/index.php\/wp-json\/wp\/v2\/users\/1"}],"replies":[{"embeddable":true,"href":"https:\/\/aurelierenard.fr\/index.php\/wp-json\/wp\/v2\/comments?post=955"}],"version-history":[{"count":20,"href":"https:\/\/aurelierenard.fr\/index.php\/wp-json\/wp\/v2\/pages\/955\/revisions"}],"predecessor-version":[{"id":2535,"href":"https:\/\/aurelierenard.fr\/index.php\/wp-json\/wp\/v2\/pages\/955\/revisions\/2535"}],"wp:attachment":[{"href":"https:\/\/aurelierenard.fr\/index.php\/wp-json\/wp\/v2\/media?parent=955"}],"curies":[{"name":"wp","href":"https:\/\/api.w.org\/{rel}","templated":true}]}}